{"id":482,"date":"2025-11-13T09:15:15","date_gmt":"2025-11-13T09:15:15","guid":{"rendered":"https:\/\/xxyapparel.com\/?post_type=product&#038;p=482"},"modified":"2025-12-05T03:15:31","modified_gmt":"2025-12-05T03:15:31","slug":"womens-pajama-sets","status":"publish","type":"product","link":"https:\/\/xxyapparel.com\/fr\/product\/womens-pajama-sets\/","title":{"rendered":"Ensembles de pyjamas pour femmes"},"content":{"rendered":"<h2 data-start=\"41\" data-end=\"104\">Couchages Pyjama Femme : Sleeps confortables et \u00e9l\u00e9gants<\/h2>\n<p data-start=\"106\" data-end=\"349\">D\u00e9couvrez un confort ultime et un style cosy avec notre Super Soft Pyjama Set, con\u00e7u pour les nuits reposantes et les matin\u00e9es relaxantes Fabriqu\u00e9 \u00e0 partir de mat\u00e9riaux de qualit\u00e9 sup\u00e9rieure, cet ensemble pyjama assure une douceur contre votre peau tout en gardant une coupe flatteuse.<\/p>\n<p data-start=\"351\" data-end=\"570\">\n<p data-start=\"351\" data-end=\"570\"><strong data-start=\"351\" data-end=\"370\">Couleurs Charmantes<\/strong><br data-start=\"370\" data-end=\"373\" \/>Disponible en rose et rose rose, cet ensemble ajoute une touche de f\u00e9minit\u00e9 et d'\u00e9l\u00e9gance \u00e0 votre collection de v\u00eatements de nuit Les tons d\u00e9licats le rendent parfait \u00e0 la fois pour se pr\u00e9lasser \u00e0 la maison et se d\u00e9tendre dans son style.<\/p>\n<p data-start=\"572\" data-end=\"825\">\n<p data-start=\"572\" data-end=\"825\"><strong data-start=\"572\" data-end=\"610\">Tissu Premium pour un Confort Supr\u00eame<\/strong><br data-start=\"610\" data-end=\"613\" \/>Fabriqu\u00e9 \u00e0 partir de polyester 951TP3 T et d'\u00e9lasthanne 51TP3 T, ce m\u00e9lange de tissus 230 g est incroyablement doux, l\u00e9ger et extensible Il se d\u00e9place avec votre corps, offrant un confort maximal tout au long de la nuit sans perdre sa forme.<\/p>\n<p data-start=\"827\" data-end=\"1006\">\n<p data-start=\"827\" data-end=\"1006\"><strong data-start=\"827\" data-end=\"857\">Convient parfaitement \u00e0 chaque corps<\/strong><br data-start=\"857\" data-end=\"860\" \/>Disponible dans les tailles S, M, L et XL, cet ensemble de pyjama est con\u00e7u pour s'adapter \u00e0 diff\u00e9rents types de carrosserie, offrant un ajustement confortable et flatteur pour tous.<\/p>\n<p data-start=\"1008\" data-end=\"1195\">\n<p data-start=\"1008\" data-end=\"1195\"><strong data-start=\"1008\" data-end=\"1040\">Design \u00e9l\u00e9gant et pratique<\/strong><br data-start=\"1040\" data-end=\"1043\" \/>L'ensemble comprend un haut et un bas coordonn\u00e9s, ce qui le rend facile \u00e0 porter et \u00e9l\u00e9gant sans effort. Id\u00e9al pour se pr\u00e9lasser, dormir ou porter un v\u00eatement d\u00e9contract\u00e9 \u00e0 la maison.<\/p>\n<p data-start=\"1197\" data-end=\"1235\">\n<p data-start=\"1197\" data-end=\"1235\"><strong data-start=\"1197\" data-end=\"1233\">Id\u00e9al pour chaque occasion \u00e0 la maison<\/strong><\/p>\n<ul data-start=\"1236\" data-end=\"1352\">\n<li data-start=\"1236\" data-end=\"1269\">\n<p data-start=\"1238\" data-end=\"1269\">Des nuits paisibles et un sommeil r\u00e9parateur<\/p>\n<\/li>\n<li data-start=\"1270\" data-end=\"1311\">\n<p data-start=\"1272\" data-end=\"1311\">Matins relaxants ou week-ends \u00e0 la maison<\/p>\n<\/li>\n<li data-start=\"1312\" data-end=\"1352\">\n<p data-start=\"1314\" data-end=\"1352\">Activit\u00e9s de d\u00e9tente ou activit\u00e9s int\u00e9rieures d\u00e9contract\u00e9es<\/p>\n<\/li>\n<\/ul>\n<p data-start=\"1354\" data-end=\"1490\">Am\u00e9liorez votre garde-robe de v\u00eatements de nuit avec les ensembles pyjama pour femmes, alliant confort, style et une touche d'\u00e9l\u00e9gance pour chaque nuit.<\/p>","protected":false},"excerpt":{"rendered":"<p>Couleurs : Rose, Rose Rose<\/p>\n<p>Tailles : S\/M\/L\/XL<\/p>\n<p>Tissu : Polyester 951TP3 T, Spandex 51TP3 T (Super Soft) 230g<\/p>\n<p>Cet ensemble de pyjama pour femme est compos\u00e9 de 230 g de tissu spandex ultra-doux (polyester 951TP3 T, spandex 51TP3 T), et est disponible en rose et fuchsia, dans les tailles S \u00e0 XL. Il a un toucher lisse et est confortable \u00e0 porter.<\/p>","protected":false},"featured_media":483,"comment_status":"open","ping_status":"closed","template":"","meta":[],"product_brand":[],"product_cat":[22],"product_tag":[],"class_list":{"0":"post-482","1":"product","2":"type-product","3":"status-publish","4":"has-post-thumbnail","6":"product_cat-comfortable-home-clothes","8":"first","9":"instock","10":"shipping-taxable","11":"product-type-simple"},"_links":{"self":[{"href":"https:\/\/xxyapparel.com\/fr\/wp-json\/wp\/v2\/product\/482","targetHints":{"allow":["GET"]}}],"collection":[{"href":"https:\/\/xxyapparel.com\/fr\/wp-json\/wp\/v2\/product"}],"about":[{"href":"https:\/\/xxyapparel.com\/fr\/wp-json\/wp\/v2\/types\/product"}],"replies":[{"embeddable":true,"href":"https:\/\/xxyapparel.com\/fr\/wp-json\/wp\/v2\/comments?post=482"}],"wp:featuredmedia":[{"embeddable":true,"href":"https:\/\/xxyapparel.com\/fr\/wp-json\/wp\/v2\/media\/483"}],"wp:attachment":[{"href":"https:\/\/xxyapparel.com\/fr\/wp-json\/wp\/v2\/media?parent=482"}],"wp:term":[{"taxonomy":"product_brand","embeddable":true,"href":"https:\/\/xxyapparel.com\/fr\/wp-json\/wp\/v2\/product_brand?post=482"},{"taxonomy":"product_cat","embeddable":true,"href":"https:\/\/xxyapparel.com\/fr\/wp-json\/wp\/v2\/product_cat?post=482"},{"taxonomy":"product_tag","embeddable":true,"href":"https:\/\/xxyapparel.com\/fr\/wp-json\/wp\/v2\/product_tag?post=482"}],"curies":[{"name":"wp","href":"https:\/\/api.w.org\/{rel}","templated":true}]}}