{"id":471,"date":"2025-11-13T08:54:40","date_gmt":"2025-11-13T08:54:40","guid":{"rendered":"https:\/\/xxyapparel.com\/?post_type=product&#038;p=471"},"modified":"2025-12-06T01:11:07","modified_gmt":"2025-12-06T01:11:07","slug":"lace-camisole-set","status":"publish","type":"product","link":"https:\/\/xxyapparel.com\/fr\/product\/lace-camisole-set\/","title":{"rendered":"Ensemble d\u00e9bardeur en dentelle"},"content":{"rendered":"<h3 data-start=\"77\" data-end=\"137\">Ensemble d\u00e9bardeur en dentelle \u2013 V\u00eatements d&#039;int\u00e9rieur \u00e9l\u00e9gants et confortables<\/h3>\n<p data-start=\"139\" data-end=\"399\">Sublimez votre nuit avec notre ensemble caraco en dentelle, con\u00e7u pour allier \u00e9l\u00e9gance et confort. Confectionn\u00e9 dans un tissu doux et orn\u00e9 de d\u00e9tails en dentelle raffin\u00e9s, cet ensemble offre une silhouette gracieuse et une sensation de l\u00e9g\u00e8ret\u00e9 et de luxe sur la peau.<\/p>\n<p data-start=\"401\" data-end=\"614\"><strong data-start=\"401\" data-end=\"426\">D\u00e9tails d\u00e9licats en dentelle<\/strong><br data-start=\"426\" data-end=\"429\" \/>Ce d\u00e9bardeur est d\u00e9licatement orn\u00e9 de dentelle, cr\u00e9ant une allure f\u00e9minine et raffin\u00e9e. Ses lignes douces et sa texture d\u00e9licate le rendent id\u00e9al pour les soir\u00e9es de d\u00e9tente comme pour les nuits paisibles.<\/p>\n<p data-start=\"616\" data-end=\"794\"><strong data-start=\"616\" data-end=\"646\">Tissu doux et respirant<\/strong><br data-start=\"646\" data-end=\"649\" \/>Confectionn\u00e9 \u00e0 partir de mat\u00e9riaux de haute qualit\u00e9, cet ensemble est doux et confortable au contact de la peau, offrant respirabilit\u00e9 et confort pour un port prolong\u00e9 toute la nuit.<\/p>\n<p data-start=\"796\" data-end=\"971\"><strong data-start=\"796\" data-end=\"830\">Coupe flatteuse et confortable<\/strong><br data-start=\"830\" data-end=\"833\" \/>Disponible en plusieurs tailles, l&#039;ensemble d\u00e9bardeur en dentelle est con\u00e7u pour flatter diff\u00e9rentes morphologies, offrant une coupe \u00e0 la fois d\u00e9contract\u00e9e et \u00e9l\u00e9gante.<\/p>\n<p data-start=\"973\" data-end=\"1003\"><strong data-start=\"973\" data-end=\"1001\">Parfait pour le confort de la maison<\/strong><\/p>\n<ul data-start=\"1004\" data-end=\"1128\">\n<li data-start=\"1004\" data-end=\"1037\">\n<p data-start=\"1006\" data-end=\"1037\">Des nuits paisibles et un sommeil r\u00e9parateur<\/p>\n<\/li>\n<li data-start=\"1038\" data-end=\"1079\">\n<p data-start=\"1040\" data-end=\"1079\">Matin\u00e9es relaxantes ou farniente le week-end<\/p>\n<\/li>\n<li data-start=\"1080\" data-end=\"1128\">\n<p data-start=\"1082\" data-end=\"1128\">Activit\u00e9s l\u00e9g\u00e8res en int\u00e9rieur ou d\u00e9tente \u00e0 la maison<\/p>\n<\/li>\n<\/ul>\n<p data-start=\"1130\" data-end=\"1263\">Apportez une touche d&#039;\u00e9l\u00e9gance \u00e0 votre confort quotidien avec l&#039;ensemble caraco en dentelle, un m\u00e9lange de douceur, de style et de d\u00e9tails d\u00e9licats.<\/p>","protected":false},"excerpt":{"rendered":"<p>Couleur : jaune clair, rose<\/p>\n<p>Tailles : S\/M\/L\/XL<\/p>\n<p>Tissu\u00a0: 73% Polyester, 25% Viscose, 2% \u00c9lasthanne, 200\u00a0g<\/p>\n<p>Cet ensemble caraco en dentelle est confectionn\u00e9 dans un tissu de 200 g (73 % polyester, 25 % viscose, 21 % \u00e9lasthanne) et se d\u00e9cline en jaune clair et rose. Disponible des tailles S \u00e0 XL. Les ornements en dentelle sont d\u00e9licats et le tissu est doux et souple au toucher.<\/p>","protected":false},"featured_media":472,"comment_status":"open","ping_status":"closed","template":"","meta":[],"product_brand":[],"product_cat":[23],"product_tag":[],"class_list":{"0":"post-471","1":"product","2":"type-product","3":"status-publish","4":"has-post-thumbnail","6":"product_cat-lady-clothing","8":"first","9":"instock","10":"shipping-taxable","11":"product-type-simple"},"_links":{"self":[{"href":"https:\/\/xxyapparel.com\/fr\/wp-json\/wp\/v2\/product\/471","targetHints":{"allow":["GET"]}}],"collection":[{"href":"https:\/\/xxyapparel.com\/fr\/wp-json\/wp\/v2\/product"}],"about":[{"href":"https:\/\/xxyapparel.com\/fr\/wp-json\/wp\/v2\/types\/product"}],"replies":[{"embeddable":true,"href":"https:\/\/xxyapparel.com\/fr\/wp-json\/wp\/v2\/comments?post=471"}],"wp:featuredmedia":[{"embeddable":true,"href":"https:\/\/xxyapparel.com\/fr\/wp-json\/wp\/v2\/media\/472"}],"wp:attachment":[{"href":"https:\/\/xxyapparel.com\/fr\/wp-json\/wp\/v2\/media?parent=471"}],"wp:term":[{"taxonomy":"product_brand","embeddable":true,"href":"https:\/\/xxyapparel.com\/fr\/wp-json\/wp\/v2\/product_brand?post=471"},{"taxonomy":"product_cat","embeddable":true,"href":"https:\/\/xxyapparel.com\/fr\/wp-json\/wp\/v2\/product_cat?post=471"},{"taxonomy":"product_tag","embeddable":true,"href":"https:\/\/xxyapparel.com\/fr\/wp-json\/wp\/v2\/product_tag?post=471"}],"curies":[{"name":"wp","href":"https:\/\/api.w.org\/{rel}","templated":true}]}}