{"id":469,"date":"2025-11-13T08:47:58","date_gmt":"2025-11-13T08:47:58","guid":{"rendered":"https:\/\/xxyapparel.com\/?post_type=product&#038;p=469"},"modified":"2025-12-06T01:03:17","modified_gmt":"2025-12-06T01:03:17","slug":"pajama-set-6","status":"publish","type":"product","link":"https:\/\/xxyapparel.com\/fr\/product\/pajama-set-6\/","title":{"rendered":"Ensemble pyjama c\u00f4tel\u00e9"},"content":{"rendered":"<h3 data-start=\"60\" data-end=\"124\">Ensemble pyjama c\u00f4tel\u00e9 ultra doux confort avec une touche moderne<\/h3>\n<p data-start=\"126\" data-end=\"397\">Profitez d'une soir\u00e9e confortable et \u00e9l\u00e9gante avec notre ensemble pyjama c\u00f4tel\u00e9, con\u00e7u avec un tissu c\u00f4tel\u00e9 ultra doux qui semble doux, extensible et respirant Parfait pour se d\u00e9tendre \u00e0 la maison, cet ensemble allie confort \u00e0 un look \u00e9pur\u00e9 et moderne qui convient \u00e0 tous les jours et \u00e0 toutes les saisons.<\/p>\n<p data-start=\"399\" data-end=\"673\"><strong data-start=\"399\" data-end=\"422\">Texture \u00e0 c\u00f4tes molles<\/strong><br data-start=\"422\" data-end=\"425\" \/>Fabriqu\u00e9 avec un mat\u00e9riau c\u00f4tel\u00e9 de qualit\u00e9 sup\u00e9rieure, le tissu offre une sensation lisse et flexible tout en ajoutant une texture subtile \u00e0 vos v\u00eatements de d\u00e9tente Il est fabriqu\u00e9 \u00e0 partir de polyester 951TP3 T et d'\u00e9lasthanne 51TP3 T, offrant douceur, durabilit\u00e9 et juste la bonne quantit\u00e9 d'\u00e9tirement.<\/p>\n<p data-start=\"675\" data-end=\"888\"><strong data-start=\"675\" data-end=\"710\">Chaud, l\u00e9ger et confortable<\/strong><br data-start=\"710\" data-end=\"713\" \/>\u00c0 200 g, le tissu offre un poids confortable suffisamment l\u00e9ger pour faciliter les mouvements, mais suffisamment chaud pour des nuits confortables. Id\u00e9al pour se pr\u00e9lasser, dormir ou se d\u00e9tendre apr\u00e8s une longue journ\u00e9e.<\/p>\n<p data-start=\"890\" data-end=\"1046\"><strong data-start=\"890\" data-end=\"919\">Options de couleur que vous adorerez<\/strong><br data-start=\"919\" data-end=\"922\" \/>Disponibles en marron et blanc, les deux couleurs apportent une esth\u00e9tique propre et simple qui s'associe magnifiquement \u00e0 votre garde-robe \u00e0 la maison.<\/p>\n<p data-start=\"1048\" data-end=\"1224\"><strong data-start=\"1048\" data-end=\"1076\">Con\u00e7u pour un Great Fit<\/strong><br data-start=\"1076\" data-end=\"1079\" \/>Propos\u00e9 dans les tailles S, M, L et XL, cet ensemble de pyjama est con\u00e7u pour compl\u00e9ter diff\u00e9rentes formes de corps tout en conservant une silhouette d\u00e9tendue et sans effort.<\/p>\n<p data-start=\"1226\" data-end=\"1256\"><strong data-start=\"1226\" data-end=\"1254\">Parfait pour le confort de la maison<\/strong><\/p>\n<ul data-start=\"1257\" data-end=\"1390\">\n<li data-start=\"1257\" data-end=\"1297\">\n<p data-start=\"1259\" data-end=\"1297\">Nuits confortables et sommeil r\u00e9parateur<\/p>\n<\/li>\n<li data-start=\"1298\" data-end=\"1336\">\n<p data-start=\"1300\" data-end=\"1336\">Des matins paresseux et des week-ends de d\u00e9tente<\/p>\n<\/li>\n<li data-start=\"1337\" data-end=\"1390\">\n<p data-start=\"1339\" data-end=\"1390\">Lecture, \u00e9tirements et activit\u00e9s d\u00e9contract\u00e9es en int\u00e9rieur<\/p>\n<\/li>\n<\/ul>\n<p data-start=\"1392\" data-end=\"1540\">Enveloppez-vous de douceur avec le Ribbed Pyjama Set, un essentiel moderne qui apporte chaleur, confort et style \u00e0 votre routine quotidienne \u00e0 la maison.<\/p>","protected":false},"excerpt":{"rendered":"<p>Couleur : Brun, Blanc<\/p>\n<p>Tailles : S\/M\/L\/XL<\/p>\n<p>Tissu : Tissu c\u00f4tel\u00e9 ultra-doux (polyester 95%, \u00e9lasthanne 5%) 200g<\/p>\n<p>Cet ensemble de pyjama c\u00f4tel\u00e9 est fabriqu\u00e9 \u00e0 partir de tissu super-doux ray\u00e9 200 g (polyester 951TP3 T, spandex 51TP3 T), disponible en marron et blanc, dans les tailles S \u00e0 XL, et pr\u00e9sente un ajustement lisse et extensible.<\/p>","protected":false},"featured_media":470,"comment_status":"open","ping_status":"closed","template":"","meta":[],"product_brand":[],"product_cat":[23],"product_tag":[],"class_list":{"0":"post-469","1":"product","2":"type-product","3":"status-publish","4":"has-post-thumbnail","6":"product_cat-lady-clothing","8":"first","9":"instock","10":"shipping-taxable","11":"product-type-simple"},"_links":{"self":[{"href":"https:\/\/xxyapparel.com\/fr\/wp-json\/wp\/v2\/product\/469","targetHints":{"allow":["GET"]}}],"collection":[{"href":"https:\/\/xxyapparel.com\/fr\/wp-json\/wp\/v2\/product"}],"about":[{"href":"https:\/\/xxyapparel.com\/fr\/wp-json\/wp\/v2\/types\/product"}],"replies":[{"embeddable":true,"href":"https:\/\/xxyapparel.com\/fr\/wp-json\/wp\/v2\/comments?post=469"}],"wp:featuredmedia":[{"embeddable":true,"href":"https:\/\/xxyapparel.com\/fr\/wp-json\/wp\/v2\/media\/470"}],"wp:attachment":[{"href":"https:\/\/xxyapparel.com\/fr\/wp-json\/wp\/v2\/media?parent=469"}],"wp:term":[{"taxonomy":"product_brand","embeddable":true,"href":"https:\/\/xxyapparel.com\/fr\/wp-json\/wp\/v2\/product_brand?post=469"},{"taxonomy":"product_cat","embeddable":true,"href":"https:\/\/xxyapparel.com\/fr\/wp-json\/wp\/v2\/product_cat?post=469"},{"taxonomy":"product_tag","embeddable":true,"href":"https:\/\/xxyapparel.com\/fr\/wp-json\/wp\/v2\/product_tag?post=469"}],"curies":[{"name":"wp","href":"https:\/\/api.w.org\/{rel}","templated":true}]}}