{"id":467,"date":"2025-11-13T08:41:20","date_gmt":"2025-11-13T08:41:20","guid":{"rendered":"https:\/\/xxyapparel.com\/?post_type=product&#038;p=467"},"modified":"2025-12-06T01:02:40","modified_gmt":"2025-12-06T01:02:40","slug":"womens-long-sleeved-pajama-set","status":"publish","type":"product","link":"https:\/\/xxyapparel.com\/fr\/product\/womens-long-sleeved-pajama-set\/","title":{"rendered":"Ensemble pyjama \u00e0 manches longues pour femmes"},"content":{"rendered":"<h3 data-start=\"81\" data-end=\"168\">Ensemble pyjama \u00e0 manches longues pour femmes : confortable, doux et parfait pour la d\u00e9tente quotidienne<\/h3>\n<p data-start=\"170\" data-end=\"419\">Restez \u00e0 l'aise du soir au matin avec notre ensemble pyjama \u00e0 manches longues pour femmes, con\u00e7u pour apporter chaleur, douceur et style sans effort \u00e0 votre routine \u00e0 la maison Avec un ajustement d\u00e9tendu et un tissu lisse, cet ensemble rend l'enroulement vers le bas encore meilleur.<\/p>\n<p data-start=\"421\" data-end=\"678\"><strong data-start=\"421\" data-end=\"448\">Confort dans tous les d\u00e9tails<\/strong><br data-start=\"448\" data-end=\"451\" \/>Le haut \u00e0 manches longues offre une couverture douce sans se sentir lourd, ce qui le rend id\u00e9al pour les nuits plus fra\u00eeches ou les chambres climatis\u00e9es. Associ\u00e9 \u00e0 des fonds assortis, l'ensemble cr\u00e9e un look confortable et coordonn\u00e9 dans lequel vous adorerez glisser.<\/p>\n<p data-start=\"680\" data-end=\"900\"><strong data-start=\"680\" data-end=\"707\">Tissu doux et respirant<\/strong><br data-start=\"707\" data-end=\"710\" \/>Fabriqu\u00e9 \u00e0 partir de mat\u00e9riaux de haute qualit\u00e9, l'ensemble est lisse et apaisant contre la peau. Il offre le bon \u00e9quilibre entre chaleur et respirabilit\u00e9, vous aidant \u00e0 rester \u00e0 l'aise toute la nuit.<\/p>\n<p data-start=\"902\" data-end=\"1137\"><strong data-start=\"902\" data-end=\"932\">Convient d\u00e9tendu et flatteur<\/strong><br data-start=\"932\" data-end=\"935\" \/>Con\u00e7u pour compl\u00e9ter diff\u00e9rentes formes de corps, cet ensemble de pyjama offre une silhouette naturellement d\u00e9tendue qui bouge avec vous Que vous vous \u00e9tiriez, vous vous pr\u00e9lassiez ou que vous dormiez, il vous permet de vous sentir \u00e0 l'aise.<\/p>\n<p data-start=\"1139\" data-end=\"1172\"><strong data-start=\"1139\" data-end=\"1170\">Con\u00e7u pour un confort quotidien \u00e0 la maison<\/strong><\/p>\n<ul data-start=\"1173\" data-end=\"1292\">\n<li data-start=\"1173\" data-end=\"1209\">\n<p data-start=\"1175\" data-end=\"1209\">Des nuits reposantes et des soir\u00e9es agr\u00e9ables<\/p>\n<\/li>\n<li data-start=\"1210\" data-end=\"1248\">\n<p data-start=\"1212\" data-end=\"1248\">Les matins lents et la d\u00e9tente du week-end<\/p>\n<\/li>\n<li data-start=\"1249\" data-end=\"1292\">\n<p data-start=\"1251\" data-end=\"1292\">Lire, se d\u00e9tendre ou se d\u00e9tendre \u00e0 la maison<\/p>\n<\/li>\n<\/ul>\n<p data-start=\"1294\" data-end=\"1438\">Apportez confort et calme dans votre routine nocturne avec le Set Pyjama Manches Longues Femme, un indispensable doux et intemporel pour chaque saison.<\/p>","protected":false},"excerpt":{"rendered":"<p>Couleur : noir, rose, rose rose, marron caf\u00e9 et autres couleurs<\/p>\n<p>Tailles : S\/M\/L\/XL<\/p>\n<p>Tissu : Ultra-Doux avec Spandex (95% Poly, 5% Spandex) 200g<\/p>\n<p>Cet ensemble de pyjama est compos\u00e9 de spandex 200 g (polyester 951TP3 T, spandex 51TP3 T) et est disponible dans une vari\u00e9t\u00e9 de couleurs, y compris le noir, le rose, le rose rose et le marron Des tailles de S \u00e0 XL sont disponibles, et le tissu est doux au toucher et extensible pour plus de confort.<\/p>","protected":false},"featured_media":2057,"comment_status":"open","ping_status":"closed","template":"","meta":[],"product_brand":[],"product_cat":[22],"product_tag":[],"class_list":{"0":"post-467","1":"product","2":"type-product","3":"status-publish","4":"has-post-thumbnail","6":"product_cat-comfortable-home-clothes","8":"first","9":"instock","10":"shipping-taxable","11":"product-type-simple"},"_links":{"self":[{"href":"https:\/\/xxyapparel.com\/fr\/wp-json\/wp\/v2\/product\/467","targetHints":{"allow":["GET"]}}],"collection":[{"href":"https:\/\/xxyapparel.com\/fr\/wp-json\/wp\/v2\/product"}],"about":[{"href":"https:\/\/xxyapparel.com\/fr\/wp-json\/wp\/v2\/types\/product"}],"replies":[{"embeddable":true,"href":"https:\/\/xxyapparel.com\/fr\/wp-json\/wp\/v2\/comments?post=467"}],"wp:featuredmedia":[{"embeddable":true,"href":"https:\/\/xxyapparel.com\/fr\/wp-json\/wp\/v2\/media\/2057"}],"wp:attachment":[{"href":"https:\/\/xxyapparel.com\/fr\/wp-json\/wp\/v2\/media?parent=467"}],"wp:term":[{"taxonomy":"product_brand","embeddable":true,"href":"https:\/\/xxyapparel.com\/fr\/wp-json\/wp\/v2\/product_brand?post=467"},{"taxonomy":"product_cat","embeddable":true,"href":"https:\/\/xxyapparel.com\/fr\/wp-json\/wp\/v2\/product_cat?post=467"},{"taxonomy":"product_tag","embeddable":true,"href":"https:\/\/xxyapparel.com\/fr\/wp-json\/wp\/v2\/product_tag?post=467"}],"curies":[{"name":"wp","href":"https:\/\/api.w.org\/{rel}","templated":true}]}}