{"id":465,"date":"2025-11-13T08:32:54","date_gmt":"2025-11-13T08:32:54","guid":{"rendered":"https:\/\/xxyapparel.com\/?post_type=product&#038;p=465"},"modified":"2025-12-06T01:44:16","modified_gmt":"2025-12-06T01:44:16","slug":"pajama-set-4","status":"publish","type":"product","link":"https:\/\/xxyapparel.com\/fr\/product\/pajama-set-4\/","title":{"rendered":"Ensemble pyjama en polaire corail"},"content":{"rendered":"<h3 data-start=\"73\" data-end=\"144\">Ensemble pyjama en polaire corail \u2013 Chaud, doux et parfait pour des nuits douillettes<\/h3>\n<p data-start=\"146\" data-end=\"384\">Enveloppez-vous de douceur et de chaleur avec notre ensemble pyjama en polaire corail, con\u00e7u pour rendre les nuits fra\u00eeches instantan\u00e9ment confortables. Sa texture moelleuse et son toucher doux en font l&#039;ensemble id\u00e9al pour celles et ceux qui appr\u00e9cient la douceur et le confort.<\/p>\n<p data-start=\"386\" data-end=\"653\"><strong data-start=\"386\" data-end=\"420\">Tissu polaire corail ultra-doux<\/strong><br data-start=\"420\" data-end=\"423\" \/>Confectionn\u00e9 en polaire corail ultra-douce, ce tissu est incroyablement chaud, lisse et agr\u00e9able au contact de la peau. Il offre une couche douillette sans \u00eatre lourd, id\u00e9ale pour les soir\u00e9es fra\u00eeches, les week-ends d\u00e9tente ou les matins paisibles \u00e0 la maison.<\/p>\n<p data-start=\"655\" data-end=\"851\"><strong data-start=\"655\" data-end=\"678\">Une chaleur que vous pouvez ressentir<\/strong><br data-start=\"678\" data-end=\"681\" \/>Sa mati\u00e8re \u00e9paisse et respirante retient la chaleur tout en laissant circuler l&#039;air, pour un confort optimal toute la nuit. Elle offre un \u00e9quilibre parfait entre douceur et isolation.<\/p>\n<p data-start=\"853\" data-end=\"1101\"><strong data-start=\"853\" data-end=\"884\">Coupe confortable et d\u00e9contract\u00e9e<\/strong><br data-start=\"884\" data-end=\"887\" \/>Con\u00e7u dans une coupe d\u00e9contract\u00e9e et confortable, le haut et le bas de pyjama assortis offrent une grande libert\u00e9 de mouvement et un confort optimal tout au long de la journ\u00e9e. Que vous vous pr\u00e9lassiez, dormiez ou vous d\u00e9tendiez, cet ensemble vous enveloppe de douceur.<\/p>\n<p data-start=\"1103\" data-end=\"1133\"><strong data-start=\"1103\" data-end=\"1131\">Parfait pour le confort de la maison<\/strong><\/p>\n<ul data-start=\"1134\" data-end=\"1243\">\n<li data-start=\"1134\" data-end=\"1169\">\n<p data-start=\"1136\" data-end=\"1169\">Nuits froides et farniente hivernal<\/p>\n<\/li>\n<li data-start=\"1170\" data-end=\"1205\">\n<p data-start=\"1172\" data-end=\"1205\">Des matins tranquilles avec une boisson chaude<\/p>\n<\/li>\n<li data-start=\"1206\" data-end=\"1243\">\n<p data-start=\"1208\" data-end=\"1243\">Se d\u00e9tendre \u00e0 l&#039;int\u00e9rieur apr\u00e8s une longue journ\u00e9e<\/p>\n<\/li>\n<\/ul>\n<p data-start=\"1245\" data-end=\"1389\">Profitez de la chaleur d&#039;une \u00e9treinte douillette avec l&#039;ensemble pyjama en polaire corail, votre choix id\u00e9al pour un confort optimal, une douceur incomparable et des nuits paisibles \u00e0 la maison.<\/p>","protected":false},"excerpt":{"rendered":"<p>Couleur : Blanc<\/p>\n<p>Tailles : S\/M\/L\/XL<\/p>\n<p>Tissu\u00a0: Polaire corail (100% Polyester) 210\u00a0g<\/p>\n<p>Cet ensemble de pyjama est fabriqu\u00e9 en polaire corail 210g (polyester 100%), disponible en blanc pur, dans les tailles S \u00e0 XL, avec une texture polaire riche, douce et chaude.<\/p>","protected":false},"featured_media":2063,"comment_status":"open","ping_status":"closed","template":"","meta":[],"product_brand":[],"product_cat":[22],"product_tag":[],"class_list":{"0":"post-465","1":"product","2":"type-product","3":"status-publish","4":"has-post-thumbnail","6":"product_cat-comfortable-home-clothes","8":"first","9":"instock","10":"shipping-taxable","11":"product-type-simple"},"_links":{"self":[{"href":"https:\/\/xxyapparel.com\/fr\/wp-json\/wp\/v2\/product\/465","targetHints":{"allow":["GET"]}}],"collection":[{"href":"https:\/\/xxyapparel.com\/fr\/wp-json\/wp\/v2\/product"}],"about":[{"href":"https:\/\/xxyapparel.com\/fr\/wp-json\/wp\/v2\/types\/product"}],"replies":[{"embeddable":true,"href":"https:\/\/xxyapparel.com\/fr\/wp-json\/wp\/v2\/comments?post=465"}],"wp:featuredmedia":[{"embeddable":true,"href":"https:\/\/xxyapparel.com\/fr\/wp-json\/wp\/v2\/media\/2063"}],"wp:attachment":[{"href":"https:\/\/xxyapparel.com\/fr\/wp-json\/wp\/v2\/media?parent=465"}],"wp:term":[{"taxonomy":"product_brand","embeddable":true,"href":"https:\/\/xxyapparel.com\/fr\/wp-json\/wp\/v2\/product_brand?post=465"},{"taxonomy":"product_cat","embeddable":true,"href":"https:\/\/xxyapparel.com\/fr\/wp-json\/wp\/v2\/product_cat?post=465"},{"taxonomy":"product_tag","embeddable":true,"href":"https:\/\/xxyapparel.com\/fr\/wp-json\/wp\/v2\/product_tag?post=465"}],"curies":[{"name":"wp","href":"https:\/\/api.w.org\/{rel}","templated":true}]}}