{"id":463,"date":"2025-11-13T08:26:19","date_gmt":"2025-11-13T08:26:19","guid":{"rendered":"https:\/\/xxyapparel.com\/?post_type=product&#038;p=463"},"modified":"2025-12-06T01:54:35","modified_gmt":"2025-12-06T01:54:35","slug":"spandex-ultra-soft-pajama-set","status":"publish","type":"product","link":"https:\/\/xxyapparel.com\/fr\/product\/spandex-ultra-soft-pajama-set\/","title":{"rendered":"Ensemble pyjama ultra-doux en spandex"},"content":{"rendered":"<h2 data-start=\"79\" data-end=\"160\">Ensemble pyjama Spandex Ultra-Soft : \u00e9l\u00e9gant, lisse et con\u00e7u pour un confort pur<\/h2>\n<p data-start=\"162\" data-end=\"388\">D\u00e9tendez-vous en toute simplicit\u00e9 avec notre Set Spandex Ultra-Soft Pyjama, con\u00e7u pour vous d\u00e9placer tout en offrant une sensation luxueuse et l\u00e9g\u00e8re Avec sa texture soyeuse et son ajustement flexible, cet ensemble apporte du confort \u00e0 un tout nouveau niveau.<\/p>\n<p data-start=\"390\" data-end=\"677\"><strong data-start=\"390\" data-end=\"422\">Tissu ultra-doux et extensible<\/strong><br data-start=\"422\" data-end=\"425\" \/>Fabriqu\u00e9 \u00e0 partir d'un m\u00e9lange haut de gamme dot\u00e9 de spandex, le tissu est incroyablement lisse contre la peau tout en offrant un excellent \u00e9tirement. Il s'adapte \u00e0 votre mouvement naturel, vous gardant \u00e0 l'aise que vous vous pr\u00e9lassiez, dormiez ou vous d\u00e9tendiez tout au long de la journ\u00e9e.<\/p>\n<p data-start=\"679\" data-end=\"888\"><strong data-start=\"679\" data-end=\"709\">L\u00e9ger et respirant<\/strong><br data-start=\"709\" data-end=\"712\" \/>Doux mais respirant, le mat\u00e9riau maintient une temp\u00e9rature confortable tout au long de la nuit C'est parfait pour ceux qui pr\u00e9f\u00e8rent les pyjamas qui se sentent l\u00e9gers, doux, et \u00e0 peine l\u00e0.<\/p>\n<p data-start=\"890\" data-end=\"1092\"><strong data-start=\"890\" data-end=\"917\">Relax\u00e9, Fit Flatteur<\/strong><br data-start=\"917\" data-end=\"920\" \/>Le dessus et les bas assortis sont con\u00e7us avec une silhouette d\u00e9tendue qui compl\u00e8te diff\u00e9rentes formes de corps, vous donnant une libert\u00e9 de mouvement sans perdre de forme ou de douceur.<\/p>\n<p data-start=\"1094\" data-end=\"1133\"><strong data-start=\"1094\" data-end=\"1131\">Parfait pour le confort quotidien \u00e0 la maison<\/strong><\/p>\n<ul data-start=\"1134\" data-end=\"1247\">\n<li data-start=\"1134\" data-end=\"1175\">\n<p data-start=\"1136\" data-end=\"1175\">Nuits paisibles et confort toute la nuit<\/p>\n<\/li>\n<li data-start=\"1176\" data-end=\"1199\">\n<p data-start=\"1178\" data-end=\"1199\">Des matin\u00e9es faciles et lentes<\/p>\n<\/li>\n<li data-start=\"1200\" data-end=\"1247\">\n<p data-start=\"1202\" data-end=\"1247\">Activit\u00e9s de lecture, de d\u00e9tente ou de lumi\u00e8re \u00e0 domicile<\/p>\n<\/li>\n<\/ul>\n<p data-start=\"1249\" data-end=\"1421\">Laissez le Spandex Ultra-Soft Pyjama Set \u00e9lever votre routine de confort avec sa sensation de douceur, son ajustement flexible et son style sans effort, notre nouveau favori pour la d\u00e9tente quotidienne.<\/p>","protected":false},"excerpt":{"rendered":"<p>Couleur : blanc, rose fonc\u00e9, rose clair, rose vif, jaune moutarde, gris clair et bleu<\/p>\n<p>Tailles : S\/M\/L\/XL<\/p>\n<p>Tissu : Ultra-Doux avec Spandex (95%Poly, 5%Spandex) 200g<\/p>\n<p>Ce peignoir est compos\u00e9 de 200 g de tissu spandex ultra-doux (polyester 951TP3 T, spandex 51TP3 T) et est disponible dans une vari\u00e9t\u00e9 de couleurs dont le blanc, le rose fonc\u00e9, le rose clair, le fuchsia, le beige, le gris clair, et le bleu Les tailles de S \u00e0 XL sont disponibles Il a une sensation lisse et est extensible et confortable.<\/p>","protected":false},"featured_media":464,"comment_status":"open","ping_status":"closed","template":"","meta":[],"product_brand":[],"product_cat":[22],"product_tag":[],"class_list":{"0":"post-463","1":"product","2":"type-product","3":"status-publish","4":"has-post-thumbnail","6":"product_cat-comfortable-home-clothes","8":"first","9":"instock","10":"shipping-taxable","11":"product-type-simple"},"_links":{"self":[{"href":"https:\/\/xxyapparel.com\/fr\/wp-json\/wp\/v2\/product\/463","targetHints":{"allow":["GET"]}}],"collection":[{"href":"https:\/\/xxyapparel.com\/fr\/wp-json\/wp\/v2\/product"}],"about":[{"href":"https:\/\/xxyapparel.com\/fr\/wp-json\/wp\/v2\/types\/product"}],"replies":[{"embeddable":true,"href":"https:\/\/xxyapparel.com\/fr\/wp-json\/wp\/v2\/comments?post=463"}],"wp:featuredmedia":[{"embeddable":true,"href":"https:\/\/xxyapparel.com\/fr\/wp-json\/wp\/v2\/media\/464"}],"wp:attachment":[{"href":"https:\/\/xxyapparel.com\/fr\/wp-json\/wp\/v2\/media?parent=463"}],"wp:term":[{"taxonomy":"product_brand","embeddable":true,"href":"https:\/\/xxyapparel.com\/fr\/wp-json\/wp\/v2\/product_brand?post=463"},{"taxonomy":"product_cat","embeddable":true,"href":"https:\/\/xxyapparel.com\/fr\/wp-json\/wp\/v2\/product_cat?post=463"},{"taxonomy":"product_tag","embeddable":true,"href":"https:\/\/xxyapparel.com\/fr\/wp-json\/wp\/v2\/product_tag?post=463"}],"curies":[{"name":"wp","href":"https:\/\/api.w.org\/{rel}","templated":true}]}}