{"id":459,"date":"2025-11-13T08:20:17","date_gmt":"2025-11-13T08:20:17","guid":{"rendered":"https:\/\/xxyapparel.com\/?post_type=product&#038;p=459"},"modified":"2025-12-06T02:07:37","modified_gmt":"2025-12-06T02:07:37","slug":"womens-fleece-pajama-set","status":"publish","type":"product","link":"https:\/\/xxyapparel.com\/fr\/product\/womens-fleece-pajama-set\/","title":{"rendered":"Ensemble pyjama en polaire pour femme"},"content":{"rendered":"<h3 data-start=\"73\" data-end=\"148\">Ensemble de pyjama polaire pour femme : parfait pour les soir\u00e9es confortables<\/h3>\n<p data-start=\"150\" data-end=\"393\">Restez au chaud et \u00e0 l'aise pendant les jours et les nuits plus frais gr\u00e2ce \u00e0 notre ensemble pyjama en polaire pour femme, con\u00e7u pour vous envelopper de douceur d\u00e8s le moment o\u00f9 vous l'enfilez Avec sa texture moelleuse et sa coupe d\u00e9contract\u00e9e, cet ensemble est fait pour un pur confort \u00e0 la maison.<\/p>\n<p data-start=\"395\" data-end=\"597\"><strong data-start=\"395\" data-end=\"423\">Tissu polaire doux et chaud<\/strong><br data-start=\"423\" data-end=\"426\" \/>Le mat\u00e9riau polaire est lisse et doux pour la peau tout en offrant une chaleur merveilleuse Il est parfait pour les nuits froides, vous faisant sentir bien sans vous sentir alourdi.<\/p>\n<p data-start=\"599\" data-end=\"834\"><strong data-start=\"599\" data-end=\"637\">Confortable Ajustement de haut en bas<\/strong><br data-start=\"637\" data-end=\"640\" \/>Le haut et le bas assortis pr\u00e9sentent une silhouette d\u00e9contract\u00e9e qui se d\u00e9place facilement avec vous Que vous vous \u00e9tiriez sur le canap\u00e9 ou que vous vous installiez pour la nuit, la coupe reste confortable et confortable.<\/p>\n<p data-start=\"836\" data-end=\"1051\"><strong data-start=\"836\" data-end=\"864\">L\u00e9g\u00e8re, Chaleur Respirable<\/strong><br data-start=\"864\" data-end=\"867\" \/>Bien que chaud, le tissu reste respirant, vous aidant \u00e0 rester \u00e0 l'aise toute la nuit sans surchauffe. Il est id\u00e9al pour se pr\u00e9lasser, dormir ou profiter de moments de calme \u00e0 la maison.<\/p>\n<p data-start=\"1053\" data-end=\"1087\"><strong data-start=\"1053\" data-end=\"1085\">Con\u00e7u pour chaque occasion confortable<\/strong><\/p>\n<ul data-start=\"1088\" data-end=\"1210\">\n<li data-start=\"1088\" data-end=\"1124\">\n<p data-start=\"1090\" data-end=\"1124\">Nuits chaudes et sommeil r\u00e9parateur<\/p>\n<\/li>\n<li data-start=\"1125\" data-end=\"1166\">\n<p data-start=\"1127\" data-end=\"1166\">Des matin\u00e9es relax\u00e9es avec une tasse de caf\u00e9<\/p>\n<\/li>\n<li data-start=\"1167\" data-end=\"1210\">\n<p data-start=\"1169\" data-end=\"1210\">Se pr\u00e9lasser, lire ou se d\u00e9tendre \u00e0 la maison<\/p>\n<\/li>\n<\/ul>\n<p data-start=\"1212\" data-end=\"1360\">Embrassez un nouveau niveau de confort avec le Set Pyjama en Toison Femme, un indispensable doux et r\u00e9chauffant qui fait que chaque soir se sent un peu plus douillet.<\/p>","protected":false},"excerpt":{"rendered":"<p>Couleur : motif imprim\u00e9 rose<\/p>\n<p>Tailles : S\/M\/L\/XL<\/p>\n<p>Tissu : Toison souple pour b\u00e9b\u00e9 (polyester 95%, \u00e9lasthanne 5%) 180 G\/M2<\/p>\n<p>Ce coffret cadeau pyjama femme est compos\u00e9 de tissu polaire b\u00e9b\u00e9 180 g\/m\u00b2 (polyester 951TP3 T, spandex 51TP3 T), orn\u00e9 de imprim\u00e9s roses, et disponible dans les tailles S \u00e0 XL. Il est lisse au toucher, extensible, et s'adapte parfaitement, ce qui en fait un choix sophistiqu\u00e9 pour le gifting ou le plaisir personnel.<\/p>","protected":false},"featured_media":2067,"comment_status":"open","ping_status":"closed","template":"","meta":[],"product_brand":[],"product_cat":[22],"product_tag":[],"class_list":{"0":"post-459","1":"product","2":"type-product","3":"status-publish","4":"has-post-thumbnail","6":"product_cat-comfortable-home-clothes","8":"first","9":"instock","10":"shipping-taxable","11":"product-type-simple"},"_links":{"self":[{"href":"https:\/\/xxyapparel.com\/fr\/wp-json\/wp\/v2\/product\/459","targetHints":{"allow":["GET"]}}],"collection":[{"href":"https:\/\/xxyapparel.com\/fr\/wp-json\/wp\/v2\/product"}],"about":[{"href":"https:\/\/xxyapparel.com\/fr\/wp-json\/wp\/v2\/types\/product"}],"replies":[{"embeddable":true,"href":"https:\/\/xxyapparel.com\/fr\/wp-json\/wp\/v2\/comments?post=459"}],"wp:featuredmedia":[{"embeddable":true,"href":"https:\/\/xxyapparel.com\/fr\/wp-json\/wp\/v2\/media\/2067"}],"wp:attachment":[{"href":"https:\/\/xxyapparel.com\/fr\/wp-json\/wp\/v2\/media?parent=459"}],"wp:term":[{"taxonomy":"product_brand","embeddable":true,"href":"https:\/\/xxyapparel.com\/fr\/wp-json\/wp\/v2\/product_brand?post=459"},{"taxonomy":"product_cat","embeddable":true,"href":"https:\/\/xxyapparel.com\/fr\/wp-json\/wp\/v2\/product_cat?post=459"},{"taxonomy":"product_tag","embeddable":true,"href":"https:\/\/xxyapparel.com\/fr\/wp-json\/wp\/v2\/product_tag?post=459"}],"curies":[{"name":"wp","href":"https:\/\/api.w.org\/{rel}","templated":true}]}}