{"id":457,"date":"2025-11-13T08:12:09","date_gmt":"2025-11-13T08:12:09","guid":{"rendered":"https:\/\/xxyapparel.com\/?post_type=product&#038;p=457"},"modified":"2025-12-06T02:31:10","modified_gmt":"2025-12-06T02:31:10","slug":"womens-embossed-long-robe","status":"publish","type":"product","link":"https:\/\/xxyapparel.com\/fr\/product\/womens-embossed-long-robe\/","title":{"rendered":"Robe longue en relief pour femme"},"content":{"rendered":"<h3 data-start=\"84\" data-end=\"145\">Peignoir long en relief pour femme \u2013 Confort luxueux \u00e0 la maison<\/h3>\n<p data-start=\"147\" data-end=\"406\">Enveloppez-vous de douceur et d&#039;\u00e9l\u00e9gance avec notre peignoir long en tissu gaufr\u00e9 pour femme, con\u00e7u pour apporter chaleur, confort et style \u00e0 vos moments de d\u00e9tente au quotidien. Son tissu gaufr\u00e9 ultra-doux ajoute une touche de sophistication tout en vous gardant bien au chaud du matin au soir.<\/p>\n<h4 data-start=\"408\" data-end=\"438\">Design \u00e9l\u00e9gant en relief<\/h4>\n<p data-start=\"439\" data-end=\"632\">Le motif en relief discret rehausse l&#039;aspect luxueux du peignoir, lui conf\u00e9rant une allure raffin\u00e9e et \u00e9l\u00e9gante. Disponible en jaune et rose naturels, il apporte une touche de couleur douce \u00e0 votre garde-robe.<\/p>\n<h4 data-start=\"634\" data-end=\"671\">Tissu ultra doux et extensible<\/h4>\n<p data-start=\"672\" data-end=\"878\">Compos\u00e9 \u00e0 95 % de polyester et \u00e0 51 % d&#039;\u00e9lasthanne, ce tissu de 200 g est doux, l\u00e9ger et l\u00e9g\u00e8rement extensible, pour un confort optimal et une grande libert\u00e9 de mouvement. Id\u00e9al pour se d\u00e9tendre, se relaxer ou se rafra\u00eechir apr\u00e8s la douche.<\/p>\n<h4 data-start=\"880\" data-end=\"925\">Ceinture ajustable \u00e0 nouer pour un ajustement parfait<\/h4>\n<p data-start=\"926\" data-end=\"1047\">Ce peignoir est dot\u00e9 d&#039;une ceinture \u00e0 nouer \u00e0 la taille pour un ajustement personnalis\u00e9, flattant toutes les morphologies tout en vous assurant confort et s\u00e9curit\u00e9.<\/p>\n<h4 data-start=\"1049\" data-end=\"1083\">Id\u00e9al pour se d\u00e9tendre \u00e0 la maison<\/h4>\n<ul data-start=\"1084\" data-end=\"1201\">\n<li data-start=\"1084\" data-end=\"1114\">\n<p data-start=\"1086\" data-end=\"1114\">Matin\u00e9es et soir\u00e9es agr\u00e9ables<\/p>\n<\/li>\n<li data-start=\"1115\" data-end=\"1150\">\n<p data-start=\"1117\" data-end=\"1150\">Journ\u00e9es apr\u00e8s la douche ou au spa \u00e0 la maison<\/p>\n<\/li>\n<li data-start=\"1151\" data-end=\"1201\">\n<p data-start=\"1153\" data-end=\"1201\">Se d\u00e9tendre, lire ou faire des activit\u00e9s d&#039;int\u00e9rieur d\u00e9contract\u00e9es<\/p>\n<\/li>\n<\/ul>\n<p data-start=\"1203\" data-end=\"1341\">Rehaussez votre tenue d&#039;int\u00e9rieur avec le peignoir long en relief pour femme, alliant douceur, \u00e9l\u00e9gance et confort sans effort pour un quotidien \u00e0 la maison.<\/p>","protected":false},"excerpt":{"rendered":"<p>Couleurs : Jaune terreux, rose<\/p>\n<p>Tailles : S\/M\/L\/XL<\/p>\n<p>Tissu\u00a0: Spandex gaufr\u00e9 ultra doux, 95\u00a0% polyester, 51\u00a0% spandex, 200\u00a0g<\/p>\n<p>Ce peignoir en tissu gaufr\u00e9 est confectionn\u00e9 en \u00e9lasthanne gaufr\u00e9 ultra-doux de 200 g (95 % polyester, 3 % \u00e9lasthanne) et se d\u00e9cline en beige et rose. Disponible des tailles S \u00e0 XL, il est doux au toucher et extensible.<\/p>","protected":false},"featured_media":458,"comment_status":"open","ping_status":"closed","template":"","meta":[],"product_brand":[],"product_cat":[22],"product_tag":[],"class_list":{"0":"post-457","1":"product","2":"type-product","3":"status-publish","4":"has-post-thumbnail","6":"product_cat-comfortable-home-clothes","8":"first","9":"instock","10":"shipping-taxable","11":"product-type-simple"},"_links":{"self":[{"href":"https:\/\/xxyapparel.com\/fr\/wp-json\/wp\/v2\/product\/457","targetHints":{"allow":["GET"]}}],"collection":[{"href":"https:\/\/xxyapparel.com\/fr\/wp-json\/wp\/v2\/product"}],"about":[{"href":"https:\/\/xxyapparel.com\/fr\/wp-json\/wp\/v2\/types\/product"}],"replies":[{"embeddable":true,"href":"https:\/\/xxyapparel.com\/fr\/wp-json\/wp\/v2\/comments?post=457"}],"wp:featuredmedia":[{"embeddable":true,"href":"https:\/\/xxyapparel.com\/fr\/wp-json\/wp\/v2\/media\/458"}],"wp:attachment":[{"href":"https:\/\/xxyapparel.com\/fr\/wp-json\/wp\/v2\/media?parent=457"}],"wp:term":[{"taxonomy":"product_brand","embeddable":true,"href":"https:\/\/xxyapparel.com\/fr\/wp-json\/wp\/v2\/product_brand?post=457"},{"taxonomy":"product_cat","embeddable":true,"href":"https:\/\/xxyapparel.com\/fr\/wp-json\/wp\/v2\/product_cat?post=457"},{"taxonomy":"product_tag","embeddable":true,"href":"https:\/\/xxyapparel.com\/fr\/wp-json\/wp\/v2\/product_tag?post=457"}],"curies":[{"name":"wp","href":"https:\/\/api.w.org\/{rel}","templated":true}]}}