{"id":455,"date":"2025-11-13T07:56:39","date_gmt":"2025-11-13T07:56:39","guid":{"rendered":"https:\/\/xxyapparel.com\/?post_type=product&#038;p=455"},"modified":"2025-12-06T02:42:35","modified_gmt":"2025-12-06T02:42:35","slug":"coral-fleece-hooded-bathrobe","status":"publish","type":"product","link":"https:\/\/xxyapparel.com\/fr\/product\/coral-fleece-hooded-bathrobe\/","title":{"rendered":"Peignoir \u00e0 capuche en polaire corail"},"content":{"rendered":"<h3 data-start=\"73\" data-end=\"133\">Peignoir \u00e0 capuche en polaire corail \u00e9l\u00e9gant, chaud et \u00e9l\u00e9gant<\/h3>\n<p data-start=\"135\" data-end=\"412\">Restez au chaud et \u00e0 l'aise \u00e0 la maison avec notre peignoir \u00e0 capuche en polaire corail, con\u00e7u pour allier douceur, chaleur et style ludique Le tissu polaire corail gaufr\u00e9 au motif \u00e9toil\u00e9 ajoute une touche cosy et fantaisiste, parfaite pour se pr\u00e9lasser, se d\u00e9tendre ou confort apr\u00e8s la douche.<\/p>\n<h4 data-start=\"414\" data-end=\"448\">Toison de corail douce et moelleuse<\/h4>\n<p data-start=\"449\" data-end=\"665\">Fabriqu\u00e9 en polyester 1001TP3 T, polaire corail gaufr\u00e9 230 g, ce peignoir est incroyablement doux et lisse contre la peau Il vous garde au chaud sans vous sentir lourd, ce qui le rend id\u00e9al pour les matin\u00e9es fra\u00eeches et les soir\u00e9es confortables.<\/p>\n<h4 data-start=\"667\" data-end=\"705\">Conception \u00e0 capuche pour un confort suppl\u00e9mentaire<\/h4>\n<p data-start=\"706\" data-end=\"838\">La capuche attach\u00e9e offre une chaleur suppl\u00e9mentaire et une sensation de confort, parfaites pour vous envelopper lors de journ\u00e9es plus fra\u00eeches ou pour vous d\u00e9tendre \u00e0 l'int\u00e9rieur.<\/p>\n<h4 data-start=\"840\" data-end=\"878\">Coupe D\u00e9tendue avec Cravate R\u00e9glable<\/h4>\n<p data-start=\"879\" data-end=\"1033\">Dot\u00e9 d'une ceinture taille-cravate, ce peignoir vous permet d'ajuster l'ajustement \u00e0 votre pr\u00e9f\u00e9rence, flattant toutes les formes du corps tout en vous gardant confortable et en s\u00e9curit\u00e9.<\/p>\n<h4 data-start=\"1035\" data-end=\"1062\">Mod\u00e8le \u00e9toil\u00e9 \u00e9l\u00e9gant<\/h4>\n<p data-start=\"1063\" data-end=\"1204\">La couleur gris fonc\u00e9 avec un charmant motif en \u00e9toile ajoute un look amusant et moderne \u00e0 vos v\u00eatements de d\u00e9tente, combinant praticit\u00e9 et style sans effort.<\/p>\n<h4 data-start=\"1206\" data-end=\"1240\">Id\u00e9al pour se d\u00e9tendre \u00e0 la maison<\/h4>\n<ul data-start=\"1241\" data-end=\"1362\">\n<li data-start=\"1241\" data-end=\"1275\">\n<p data-start=\"1243\" data-end=\"1275\">Nuits et matins chauds et confortables<\/p>\n<\/li>\n<li data-start=\"1276\" data-end=\"1311\">\n<p data-start=\"1278\" data-end=\"1311\">Journ\u00e9es apr\u00e8s la douche ou au spa \u00e0 la maison<\/p>\n<\/li>\n<li data-start=\"1312\" data-end=\"1362\">\n<p data-start=\"1314\" data-end=\"1362\">Se d\u00e9tendre, lire ou faire des activit\u00e9s d&#039;int\u00e9rieur d\u00e9contract\u00e9es<\/p>\n<\/li>\n<\/ul>\n<p data-start=\"1364\" data-end=\"1516\">Apportez confort et \u00e9l\u00e9gance ludique \u00e0 votre garde-robe \u00e0 domicile avec le Peignoir \u00e0 capuche en polaire corail, un essentiel doux et chaleureux pour la d\u00e9tente au quotidien.<\/p>","protected":false},"excerpt":{"rendered":"<p>Couleur : Gris fonc\u00e9 avec motif \u00e9toile<\/p>\n<p>Tailles : S\/M\/L\/XL<\/p>\n<p>Tissu : polaire de corail gaufr\u00e9e (polyester 100%) 230g<\/p>\n<p>Ce peignoir \u00e0 capuche est fait de polaire corail ch\u00e9ris de 230 g (polyester 1001TP3 T) et pr\u00e9sente un motif d'\u00e9toile gris fonc\u00e9 Disponible dans les tailles S \u00e0 XL, il est doux, \u00e9pais, chaud, et confortable.<\/p>","protected":false},"featured_media":456,"comment_status":"open","ping_status":"closed","template":"","meta":[],"product_brand":[],"product_cat":[22],"product_tag":[],"class_list":{"0":"post-455","1":"product","2":"type-product","3":"status-publish","4":"has-post-thumbnail","6":"product_cat-comfortable-home-clothes","8":"first","9":"instock","10":"shipping-taxable","11":"product-type-simple"},"_links":{"self":[{"href":"https:\/\/xxyapparel.com\/fr\/wp-json\/wp\/v2\/product\/455","targetHints":{"allow":["GET"]}}],"collection":[{"href":"https:\/\/xxyapparel.com\/fr\/wp-json\/wp\/v2\/product"}],"about":[{"href":"https:\/\/xxyapparel.com\/fr\/wp-json\/wp\/v2\/types\/product"}],"replies":[{"embeddable":true,"href":"https:\/\/xxyapparel.com\/fr\/wp-json\/wp\/v2\/comments?post=455"}],"wp:featuredmedia":[{"embeddable":true,"href":"https:\/\/xxyapparel.com\/fr\/wp-json\/wp\/v2\/media\/456"}],"wp:attachment":[{"href":"https:\/\/xxyapparel.com\/fr\/wp-json\/wp\/v2\/media?parent=455"}],"wp:term":[{"taxonomy":"product_brand","embeddable":true,"href":"https:\/\/xxyapparel.com\/fr\/wp-json\/wp\/v2\/product_brand?post=455"},{"taxonomy":"product_cat","embeddable":true,"href":"https:\/\/xxyapparel.com\/fr\/wp-json\/wp\/v2\/product_cat?post=455"},{"taxonomy":"product_tag","embeddable":true,"href":"https:\/\/xxyapparel.com\/fr\/wp-json\/wp\/v2\/product_tag?post=455"}],"curies":[{"name":"wp","href":"https:\/\/api.w.org\/{rel}","templated":true}]}}