{"id":445,"date":"2025-11-13T07:30:02","date_gmt":"2025-11-13T07:30:02","guid":{"rendered":"https:\/\/xxyapparel.com\/?post_type=product&#038;p=445"},"modified":"2025-12-06T03:55:11","modified_gmt":"2025-12-06T03:55:11","slug":"mens-coral-fleece-pajama-set","status":"publish","type":"product","link":"https:\/\/xxyapparel.com\/fr\/product\/mens-coral-fleece-pajama-set\/","title":{"rendered":"Ensemble de pyjama en polaire corail pour homme"},"content":{"rendered":"<h2 data-start=\"72\" data-end=\"137\">Ensemble pyjama en polaire corail pour hommes, doux et confortable<\/h2>\n<p data-start=\"139\" data-end=\"401\">Restez confortable et d\u00e9tendu \u00e0 la maison avec notre ensemble pyjama en polaire corail pour hommes, con\u00e7u pour allier douceur, chaleur et style pratique Le tissu en polaire corail moelleux offre une sensation confortable parfaite pour se pr\u00e9lasser, dormir ou se d\u00e9tendre apr\u00e8s une longue journ\u00e9e.<\/p>\n<h4 data-start=\"403\" data-end=\"437\">Toison de corail douce et moelleuse<\/h4>\n<p data-start=\"438\" data-end=\"658\">Fabriqu\u00e9 \u00e0 partir de polyester 1001TP3 T, polaire corail gaufr\u00e9e 200 g, cet ensemble pyjama est doux et doux contre la peau Le tissu chaud et l\u00e9ger vous maintient \u00e0 l'aise sans vous sentir volumineux, ce qui le rend id\u00e9al pour les nuits plus fra\u00eeches.<\/p>\n<h4 data-start=\"660\" data-end=\"694\">Coupe confortable et d\u00e9contract\u00e9e<\/h4>\n<p data-start=\"695\" data-end=\"861\">Disponible dans les tailles S, M, L et XL, l'ensemble est con\u00e7u pour s'adapter \u00e0 une vari\u00e9t\u00e9 de types de corps La silhouette d\u00e9tendue permet un mouvement facile tout en offrant un confort toute la journ\u00e9e.<\/p>\n<h4 data-start=\"863\" data-end=\"886\">Conception pratique<\/h4>\n<p data-start=\"887\" data-end=\"1079\">L'ensemble comprend un haut \u00e0 manches longues et des bas assortis, offrant une couverture compl\u00e8te et une chaleur confortable Sa couleur grise simple et classique est polyvalente et intemporelle, parfaite pour un usage quotidien \u00e0 la maison.<\/p>\n<h4 data-start=\"1081\" data-end=\"1115\">Id\u00e9al pour se d\u00e9tendre \u00e0 la maison<\/h4>\n<ul data-start=\"1116\" data-end=\"1242\">\n<li data-start=\"1116\" data-end=\"1149\">\n<p data-start=\"1118\" data-end=\"1149\">Nuits chaudes et sommeil r\u00e9parateur<\/p>\n<\/li>\n<li data-start=\"1150\" data-end=\"1191\">\n<p data-start=\"1152\" data-end=\"1191\">Matin\u00e9es d\u00e9tendues et farniente le week-end<\/p>\n<\/li>\n<li data-start=\"1192\" data-end=\"1242\">\n<p data-start=\"1194\" data-end=\"1242\">Activit\u00e9s int\u00e9rieures de lecture, de d\u00e9tente ou d\u00e9contract\u00e9es<\/p>\n<\/li>\n<\/ul>\n<p data-start=\"1244\" data-end=\"1367\">Profitez de la chaleur, de la douceur et du confort avec le set de pyjama en polaire corail pour hommes, un essentiel confortable pour chaque garde-robe domestique.<\/p>","protected":false},"excerpt":{"rendered":"<p>Couleur : Gris<\/p>\n<p>Tailles : S\/M\/L\/XL<\/p>\n<p>Tissu : Toison de corail gaufr\u00e9e (polyester 100%) 200g<\/p>\n<p>Cet ensemble pyjama en polaire corail pour hommes est compos\u00e9 de polaire corail ch\u00e9rissant 200 g (polyester 1001TP3 T), disponible en gris et tailles S \u00e0 XL. Il est doux, \u00e9pais, chaud et confortable.<\/p>","protected":false},"featured_media":446,"comment_status":"open","ping_status":"closed","template":"","meta":[],"product_brand":[],"product_cat":[22],"product_tag":[],"class_list":{"0":"post-445","1":"product","2":"type-product","3":"status-publish","4":"has-post-thumbnail","6":"product_cat-comfortable-home-clothes","8":"first","9":"instock","10":"shipping-taxable","11":"product-type-simple"},"_links":{"self":[{"href":"https:\/\/xxyapparel.com\/fr\/wp-json\/wp\/v2\/product\/445","targetHints":{"allow":["GET"]}}],"collection":[{"href":"https:\/\/xxyapparel.com\/fr\/wp-json\/wp\/v2\/product"}],"about":[{"href":"https:\/\/xxyapparel.com\/fr\/wp-json\/wp\/v2\/types\/product"}],"replies":[{"embeddable":true,"href":"https:\/\/xxyapparel.com\/fr\/wp-json\/wp\/v2\/comments?post=445"}],"wp:featuredmedia":[{"embeddable":true,"href":"https:\/\/xxyapparel.com\/fr\/wp-json\/wp\/v2\/media\/446"}],"wp:attachment":[{"href":"https:\/\/xxyapparel.com\/fr\/wp-json\/wp\/v2\/media?parent=445"}],"wp:term":[{"taxonomy":"product_brand","embeddable":true,"href":"https:\/\/xxyapparel.com\/fr\/wp-json\/wp\/v2\/product_brand?post=445"},{"taxonomy":"product_cat","embeddable":true,"href":"https:\/\/xxyapparel.com\/fr\/wp-json\/wp\/v2\/product_cat?post=445"},{"taxonomy":"product_tag","embeddable":true,"href":"https:\/\/xxyapparel.com\/fr\/wp-json\/wp\/v2\/product_tag?post=445"}],"curies":[{"name":"wp","href":"https:\/\/api.w.org\/{rel}","templated":true}]}}