{"id":439,"date":"2025-11-13T07:07:04","date_gmt":"2025-11-13T07:07:04","guid":{"rendered":"https:\/\/xxyapparel.com\/?post_type=product&#038;p=439"},"modified":"2025-12-06T03:59:40","modified_gmt":"2025-12-06T03:59:40","slug":"kids-sportswear-set","status":"publish","type":"product","link":"https:\/\/xxyapparel.com\/fr\/product\/kids-sportswear-set\/","title":{"rendered":"Ensemble de v\u00eatements de sport pour enfants"},"content":{"rendered":"<h2 data-start=\"63\" data-end=\"125\">Ensemble de v\u00eatements de sport pour enfants confortable, durable et \u00e9l\u00e9gant<\/h2>\n<p data-start=\"127\" data-end=\"346\">Gardez vos enfants actifs et \u00e0 l'aise avec notre Ensemble de v\u00eatements de sport pour enfants, con\u00e7u pour le jeu, le sport et les aventures quotidiennes. Fabriqu\u00e9 avec un tissu doux et extensible, cet ensemble garantit la libert\u00e9 de mouvement tout en ayant l'air \u00e9l\u00e9gant.<\/p>\n<h4 data-start=\"348\" data-end=\"384\">Tissu de couche d'air de haute qualit\u00e9<\/h4>\n<p data-start=\"385\" data-end=\"585\">Fabriqu\u00e9 \u00e0 partir de polyester 951TP3 T et d'\u00e9lasthanne 51TP3 T, le tissu de couche d'air de 280 g est l\u00e9ger, respirant et l\u00e9g\u00e8rement extensible Il offre une durabilit\u00e9 pour le jeu actif tout en gardant les enfants \u00e0 l'aise toute la journ\u00e9e.<\/p>\n<h4 data-start=\"587\" data-end=\"627\">Conception de blocs de couleurs amusante et \u00e9l\u00e9gante<\/h4>\n<p data-start=\"628\" data-end=\"836\">Disponible en combinaisons de couleurs Vert &amp; Noir, Noir &amp; Jaune, et Beige &amp; Noir, cet ensemble apporte un look ludique et moderne \u00e0 la garde-robe de votre enfant Le design colorblock ajoute une touche sportive et \u00e9nergique.<\/p>\n<h4 data-start=\"838\" data-end=\"876\">Confortable Fit pour les enfants actifs<\/h4>\n<p data-start=\"877\" data-end=\"1053\">Offert dans des tailles bas\u00e9es sur l'\u00e2ge de 7 \u00e0 14 ans, l'ensemble est con\u00e7u pour s'adapter confortablement aux enfants tout en permettant une gamme compl\u00e8te de mouvements Parfait pour courir, sauter ou se d\u00e9tendre \u00e0 la maison.<\/p>\n<h4 data-start=\"1055\" data-end=\"1087\">Parfait pour le quotidien<\/h4>\n<ul data-start=\"1088\" data-end=\"1205\">\n<li data-start=\"1088\" data-end=\"1124\">\n<p data-start=\"1090\" data-end=\"1124\">Sports scolaires et activit\u00e9s de gym<\/p>\n<\/li>\n<li data-start=\"1125\" data-end=\"1164\">\n<p data-start=\"1127\" data-end=\"1164\">Jeu en plein air et aventures de week-end<\/p>\n<\/li>\n<li data-start=\"1165\" data-end=\"1205\">\n<p data-start=\"1167\" data-end=\"1205\">Activit\u00e9s de d\u00e9tente ou activit\u00e9s int\u00e9rieures d\u00e9contract\u00e9es<\/p>\n<\/li>\n<\/ul>\n<p data-start=\"1207\" data-end=\"1342\">Gardez votre enfant actif, confortable et \u00e9l\u00e9gant avec le Set de v\u00eatements de sport pour enfants, un essentiel polyvalent pour chaque jeune aventurier.<\/p>","protected":false},"excerpt":{"rendered":"<p>Couleur : Colorblock vert et noir, Colorblock noir et jaune, Colorblock beige et noir<\/p>\n<p>Taille : 7\/8\/9\/10\/11\/12\/13\/14 (tailles bas\u00e9es sur l'\u00e2ge)<\/p>\n<p>Tissu : Couche d'air (polyester 951TP3 T, \u00e9lasthanne 51TP3 T) 280g<\/p>\n<p>Ce surv\u00eatement pour enfants est fait de tissu de couche d'air de 280 g (polyester 951TP3 T, spandex 51TP3 T) et est disponible en trois options bloqu\u00e9es par les couleurs : vert et noir, noir et jaune, et beige et noir Les tailles vont de 7 \u00e0 14, et il combine \u00e9lasticit\u00e9 et chaleur, ce qui le rend adapt\u00e9 \u00e0 diverses occasions sportives.<\/p>","protected":false},"featured_media":440,"comment_status":"open","ping_status":"closed","template":"","meta":[],"product_brand":[],"product_cat":[25],"product_tag":[],"class_list":{"0":"post-439","1":"product","2":"type-product","3":"status-publish","4":"has-post-thumbnail","6":"product_cat-childrens-clothing","8":"first","9":"instock","10":"shipping-taxable","11":"product-type-simple"},"_links":{"self":[{"href":"https:\/\/xxyapparel.com\/fr\/wp-json\/wp\/v2\/product\/439","targetHints":{"allow":["GET"]}}],"collection":[{"href":"https:\/\/xxyapparel.com\/fr\/wp-json\/wp\/v2\/product"}],"about":[{"href":"https:\/\/xxyapparel.com\/fr\/wp-json\/wp\/v2\/types\/product"}],"replies":[{"embeddable":true,"href":"https:\/\/xxyapparel.com\/fr\/wp-json\/wp\/v2\/comments?post=439"}],"wp:featuredmedia":[{"embeddable":true,"href":"https:\/\/xxyapparel.com\/fr\/wp-json\/wp\/v2\/media\/440"}],"wp:attachment":[{"href":"https:\/\/xxyapparel.com\/fr\/wp-json\/wp\/v2\/media?parent=439"}],"wp:term":[{"taxonomy":"product_brand","embeddable":true,"href":"https:\/\/xxyapparel.com\/fr\/wp-json\/wp\/v2\/product_brand?post=439"},{"taxonomy":"product_cat","embeddable":true,"href":"https:\/\/xxyapparel.com\/fr\/wp-json\/wp\/v2\/product_cat?post=439"},{"taxonomy":"product_tag","embeddable":true,"href":"https:\/\/xxyapparel.com\/fr\/wp-json\/wp\/v2\/product_tag?post=439"}],"curies":[{"name":"wp","href":"https:\/\/api.w.org\/{rel}","templated":true}]}}