{"id":437,"date":"2025-11-13T07:01:23","date_gmt":"2025-11-13T07:01:23","guid":{"rendered":"https:\/\/xxyapparel.com\/?post_type=product&#038;p=437"},"modified":"2025-12-06T08:38:35","modified_gmt":"2025-12-06T08:38:35","slug":"girls-floral-print-clothing-set","status":"publish","type":"product","link":"https:\/\/xxyapparel.com\/fr\/product\/girls-floral-print-clothing-set\/","title":{"rendered":"Ensemble de v\u00eatements \u00e0 imprim\u00e9 floral pour filles"},"content":{"rendered":"<h3 data-start=\"77\" data-end=\"154\">Ensemble de v\u00eatements \u00e0 imprim\u00e9 floral pour filles doux, confortable et facile \u00e0 porter<\/h3>\n<p data-start=\"156\" data-end=\"375\">Apportez une touche de charme et de confort \u00e0 la garde-robe de votre fille avec le <strong data-start=\"224\" data-end=\"260\">Ensemble de v\u00eatements \u00e0 imprim\u00e9 floral pour filles<\/strong>. Son tissu doux et son d\u00e9licieux motif floral le rendent parfait pour les v\u00eatements quotidiens, les journ\u00e9es d'\u00e9cole ou les week-ends d\u00e9tendus.<\/p>\n<h4 data-start=\"377\" data-end=\"415\">Tissu c\u00f4tel\u00e9 doux et extensible<\/h4>\n<p data-start=\"416\" data-end=\"631\">Fabriqu\u00e9 avec un tissu c\u00f4tel\u00e9 de 180 g 2.2, cet ensemble est doux et flexible, offrant un ajustement confortable pour les enfants actifs Le mat\u00e9riau s'\u00e9tire naturellement, donnant aux plus petits la libert\u00e9 de bouger, de jouer et d'explorer avec facilit\u00e9.<\/p>\n<h4 data-start=\"633\" data-end=\"659\">Belle impression florale<\/h4>\n<p data-start=\"660\" data-end=\"844\">La couleur de base bleue associ\u00e9e \u00e0 un motif imprim\u00e9 doux cr\u00e9e un look frais et ludique C'est un style charmant que les filles adorent et que les parents trouvent facile \u00e0 assortir avec les tenues du quotidien.<\/p>\n<h4 data-start=\"846\" data-end=\"883\">Con\u00e7u pour un ajustement confortable<\/h4>\n<p data-start=\"884\" data-end=\"1064\">Disponible dans les tailles S, M, L, et XL, l'ensemble est con\u00e7u pour s'adapter en douceur sur le corps sans restreindre le mouvement La texture molle et c\u00f4tel\u00e9e ajoute \u00e0 la fois du confort et un look flatteur.<\/p>\n<h4 data-start=\"1066\" data-end=\"1095\">Parfait pour le Daily Wear<\/h4>\n<ul data-start=\"1096\" data-end=\"1191\">\n<li data-start=\"1096\" data-end=\"1128\">\n<p data-start=\"1098\" data-end=\"1128\">\u00c9cole, garderie et sorties<\/p>\n<\/li>\n<li data-start=\"1129\" data-end=\"1164\">\n<p data-start=\"1131\" data-end=\"1164\">Activit\u00e9s de jeu et de week-end<\/p>\n<\/li>\n<li data-start=\"1165\" data-end=\"1191\">\n<p data-start=\"1167\" data-end=\"1191\">Confort d\u00e9contract\u00e9 \u00e0 la maison<\/p>\n<\/li>\n<\/ul>\n<p data-start=\"1193\" data-end=\"1342\">Le <strong data-start=\"1197\" data-end=\"1233\">Ensemble de v\u00eatements \u00e0 imprim\u00e9 floral pour filles<\/strong> offre un merveilleux m\u00e9lange de style et de confort pour les filles qui aiment les tissus doux et les motifs joyeux.<\/p>","protected":false},"excerpt":{"rendered":"<p>Couleur : Bleu avec motif imprim\u00e9<\/p>\n<p>Tailles : S\/M\/L\/XL<\/p>\n<p>Tissu : 2\u00d72 c\u00f4tes 180g<\/p>\n<p>Cet ensemble de filles est fait de tissu c\u00f4tel\u00e9 180 g 2.2 avec un imprim\u00e9 bleu et est disponible dans les tailles S \u00e0 XL. Il est \u00e9l\u00e9gant et confortable.<\/p>","protected":false},"featured_media":438,"comment_status":"open","ping_status":"closed","template":"","meta":[],"product_brand":[],"product_cat":[25],"product_tag":[],"class_list":{"0":"post-437","1":"product","2":"type-product","3":"status-publish","4":"has-post-thumbnail","6":"product_cat-childrens-clothing","8":"first","9":"instock","10":"shipping-taxable","11":"product-type-simple"},"_links":{"self":[{"href":"https:\/\/xxyapparel.com\/fr\/wp-json\/wp\/v2\/product\/437","targetHints":{"allow":["GET"]}}],"collection":[{"href":"https:\/\/xxyapparel.com\/fr\/wp-json\/wp\/v2\/product"}],"about":[{"href":"https:\/\/xxyapparel.com\/fr\/wp-json\/wp\/v2\/types\/product"}],"replies":[{"embeddable":true,"href":"https:\/\/xxyapparel.com\/fr\/wp-json\/wp\/v2\/comments?post=437"}],"wp:featuredmedia":[{"embeddable":true,"href":"https:\/\/xxyapparel.com\/fr\/wp-json\/wp\/v2\/media\/438"}],"wp:attachment":[{"href":"https:\/\/xxyapparel.com\/fr\/wp-json\/wp\/v2\/media?parent=437"}],"wp:term":[{"taxonomy":"product_brand","embeddable":true,"href":"https:\/\/xxyapparel.com\/fr\/wp-json\/wp\/v2\/product_brand?post=437"},{"taxonomy":"product_cat","embeddable":true,"href":"https:\/\/xxyapparel.com\/fr\/wp-json\/wp\/v2\/product_cat?post=437"},{"taxonomy":"product_tag","embeddable":true,"href":"https:\/\/xxyapparel.com\/fr\/wp-json\/wp\/v2\/product_tag?post=437"}],"curies":[{"name":"wp","href":"https:\/\/api.w.org\/{rel}","templated":true}]}}