{"id":274,"date":"2025-11-12T05:54:05","date_gmt":"2025-11-12T05:54:05","guid":{"rendered":"https:\/\/xxyapparel.com\/?post_type=product&#038;p=274"},"modified":"2025-12-06T08:53:12","modified_gmt":"2025-12-06T08:53:12","slug":"paw-patrol-kids-pajama-set","status":"publish","type":"product","link":"https:\/\/xxyapparel.com\/fr\/product\/paw-patrol-kids-pajama-set\/","title":{"rendered":"Ensemble pyjama Pat&#039; Patrouille pour enfants"},"content":{"rendered":"<h3 data-start=\"72\" data-end=\"146\">Ensemble pyjama pour enfants PAW Patrol doux, amusant et parfait pour les petits fans<\/h3>\n<p data-start=\"148\" data-end=\"345\">Apportez de l'excitation \u00e0 l'heure du coucher avec le set de pyjama pour enfants PAW Patrol, avec d'adorables motifs de personnages que les enfants adorent Doux, douillet et facile \u00e0 porter, cet ensemble rend chaque nuit plus agr\u00e9able.<\/p>\n<h4 data-start=\"347\" data-end=\"379\">Toison b\u00e9b\u00e9 douce et confortable<\/h4>\n<p data-start=\"380\" data-end=\"553\">Fabriqu\u00e9 \u00e0 partir de polaire b\u00e9b\u00e9 1001TP3 T polyester \u00e0 200 g, le tissu est chaud, moelleux, et doux pour la peau Il offre l'\u00e9quilibre parfait de douceur et de confort pour des nuits plus fra\u00eeches.<\/p>\n<h4 data-start=\"555\" data-end=\"587\">Conception de patrouille de PATTE ludique<\/h4>\n<p data-start=\"588\" data-end=\"798\">Avec les couleurs et les motifs montr\u00e9s dans les images, le d\u00e9cor pr\u00e9sente des impressions de personnages amusantes qui apportent de la joie aux jeunes fans C'est un regard vif et joyeux qui fait que se pr\u00e9parer au lit est quelque chose \u00e0 esp\u00e9rer.<\/p>\n<h4 data-start=\"800\" data-end=\"846\">Confortable Fit avec beaucoup de mouvement<\/h4>\n<p data-start=\"847\" data-end=\"1013\">Disponible dans les tailles 110 \u00e0 160, cet ensemble de pyjama offre un ajustement flexible et d\u00e9contract\u00e9 pour les enfants en pleine croissance La polaire l\u00e9g\u00e8re permet un mouvement facile pendant le sommeil ou le jeu.<\/p>\n<h4 data-start=\"1015\" data-end=\"1048\">Id\u00e9al pour le confort quotidien<\/h4>\n<ul data-start=\"1049\" data-end=\"1105\">\n<li data-start=\"1049\" data-end=\"1063\">\n<p data-start=\"1051\" data-end=\"1063\">Sommeil douillet<\/p>\n<\/li>\n<li data-start=\"1064\" data-end=\"1084\">\n<p data-start=\"1066\" data-end=\"1084\">D\u00e9tente du week-end<\/p>\n<\/li>\n<li data-start=\"1085\" data-end=\"1105\">\n<p data-start=\"1087\" data-end=\"1105\">Temps de jeu \u00e0 la maison<\/p>\n<\/li>\n<\/ul>\n<p data-start=\"1107\" data-end=\"1280\" data-is-last-node=\"\" data-is-only-node=\"\">Le jeu de pyjama pour enfants PAW Patrol combine douceur, chaleur et style ludique, un choix id\u00e9al pour les enfants qui adorent leurs personnages pr\u00e9f\u00e9r\u00e9s et appr\u00e9cient les v\u00eatements de nuit confortables.<\/p>","protected":false},"excerpt":{"rendered":"<p>Couleur : comme sur les images<\/p>\n<p>Taille: 110\/120\/130\/140\/150\/160<\/p>\n<p>Tissu : Toison pour b\u00e9b\u00e9 (polyester 100%) 200g<\/p>\n<p>Ces pyjamas pour enfants interchangeables bicolores sont fabriqu\u00e9s en tissu polaire souple de 200 g et sont disponibles dans des tailles pr\u00e9cises selon la hauteur, accompagnant la croissance heureuse de votre enfant.<\/p>","protected":false},"featured_media":430,"comment_status":"open","ping_status":"closed","template":"","meta":[],"product_brand":[],"product_cat":[25],"product_tag":[],"class_list":{"0":"post-274","1":"product","2":"type-product","3":"status-publish","4":"has-post-thumbnail","6":"product_cat-childrens-clothing","8":"first","9":"instock","10":"shipping-taxable","11":"product-type-simple"},"_links":{"self":[{"href":"https:\/\/xxyapparel.com\/fr\/wp-json\/wp\/v2\/product\/274","targetHints":{"allow":["GET"]}}],"collection":[{"href":"https:\/\/xxyapparel.com\/fr\/wp-json\/wp\/v2\/product"}],"about":[{"href":"https:\/\/xxyapparel.com\/fr\/wp-json\/wp\/v2\/types\/product"}],"replies":[{"embeddable":true,"href":"https:\/\/xxyapparel.com\/fr\/wp-json\/wp\/v2\/comments?post=274"}],"wp:featuredmedia":[{"embeddable":true,"href":"https:\/\/xxyapparel.com\/fr\/wp-json\/wp\/v2\/media\/430"}],"wp:attachment":[{"href":"https:\/\/xxyapparel.com\/fr\/wp-json\/wp\/v2\/media?parent=274"}],"wp:term":[{"taxonomy":"product_brand","embeddable":true,"href":"https:\/\/xxyapparel.com\/fr\/wp-json\/wp\/v2\/product_brand?post=274"},{"taxonomy":"product_cat","embeddable":true,"href":"https:\/\/xxyapparel.com\/fr\/wp-json\/wp\/v2\/product_cat?post=274"},{"taxonomy":"product_tag","embeddable":true,"href":"https:\/\/xxyapparel.com\/fr\/wp-json\/wp\/v2\/product_tag?post=274"}],"curies":[{"name":"wp","href":"https:\/\/api.w.org\/{rel}","templated":true}]}}