{"id":272,"date":"2025-11-12T05:48:26","date_gmt":"2025-11-12T05:48:26","guid":{"rendered":"https:\/\/xxyapparel.com\/?post_type=product&#038;p=272"},"modified":"2025-12-06T09:08:16","modified_gmt":"2025-12-06T09:08:16","slug":"crew-neck-sweatshirt-set","status":"publish","type":"product","link":"https:\/\/xxyapparel.com\/fr\/product\/crew-neck-sweatshirt-set\/","title":{"rendered":"Ensemble de sweat-shirt \u00e0 col rond"},"content":{"rendered":"<h2 data-start=\"69\" data-end=\"139\">Ensemble sweat-shirt \u00e0 col rond \u2013 D\u00e9contract\u00e9, confortable et facile \u00e0 porter<\/h2>\n<p data-start=\"141\" data-end=\"351\">Profitez d&#039;un confort optimal avec cet ensemble sweat-shirt \u00e0 col rond, con\u00e7u pour \u00eatre port\u00e9 au quotidien, \u00e0 la maison, en ext\u00e9rieur ou en d\u00e9placement. Son style \u00e9pur\u00e9 et sa douceur en font un v\u00eatement polyvalent qui s&#039;accordera \u00e0 toutes vos tenues.<\/p>\n<h4 data-start=\"353\" data-end=\"393\">\u00e9ponge fran\u00e7aise douce et confortable<\/h4>\n<p data-start=\"394\" data-end=\"591\">Confectionn\u00e9 en tissu \u00e9ponge fran\u00e7ais de 210 g, cet ensemble offre un toucher lisse \u00e0 l&#039;ext\u00e9rieur et un int\u00e9rieur doux et boucl\u00e9. Il procure une chaleur respirante sans \u00eatre lourd, pour un confort optimal en toute saison.<\/p>\n<h4 data-start=\"593\" data-end=\"634\">Design \u00e9pur\u00e9 et classique \u00e0 col rond<\/h4>\n<p data-start=\"635\" data-end=\"813\">Son col rond et \u00e9pur\u00e9 conf\u00e8re \u00e0 cet ensemble un style intemporel qui s&#039;accorde facilement avec toutes les tenues d\u00e9contract\u00e9es. Il est id\u00e9al pour celles et ceux qui privil\u00e9gient un style minimaliste et confortable au quotidien.<\/p>\n<h4 data-start=\"815\" data-end=\"844\">Plusieurs options de couleur<\/h4>\n<p data-start=\"845\" data-end=\"1001\">Disponibles en caf\u00e9, bleu poudr\u00e9, blanc, gris fonc\u00e9 et gris clair, chaque couleur offre une tonalit\u00e9 calme et polyvalente, id\u00e9ale pour se d\u00e9tendre comme pour sortir.<\/p>\n<h4 data-start=\"1003\" data-end=\"1039\">Coupe d\u00e9contract\u00e9e pour un confort quotidien<\/h4>\n<p data-start=\"1040\" data-end=\"1234\">Disponible en tailles S, M, L et XL, cet ensemble sweat-shirt offre une coupe confortable et une grande libert\u00e9 de mouvement. Que ce soit pour se d\u00e9tendre \u00e0 la maison ou faire des courses, il vous assure un confort optimal tout au long de la journ\u00e9e.<\/p>\n<h4 data-start=\"1236\" data-end=\"1270\">Id\u00e9al pour toutes les occasions d\u00e9contract\u00e9es<\/h4>\n<ul data-start=\"1271\" data-end=\"1373\">\n<li data-start=\"1271\" data-end=\"1304\">\n<p data-start=\"1273\" data-end=\"1304\">Matin\u00e9es et soir\u00e9es d\u00e9tendues<\/p>\n<\/li>\n<li data-start=\"1305\" data-end=\"1333\">\n<p data-start=\"1307\" data-end=\"1333\">Activit\u00e9s l\u00e9g\u00e8res en plein air<\/p>\n<\/li>\n<li data-start=\"1334\" data-end=\"1373\">\n<p data-start=\"1336\" data-end=\"1373\">Se d\u00e9tendre, voyager ou faire des sorties d\u00e9contract\u00e9es<\/p>\n<\/li>\n<\/ul>\n<p data-start=\"1375\" data-end=\"1518\" data-is-last-node=\"\" data-is-only-node=\"\">L&#039;ensemble sweat-shirt \u00e0 col rond allie style \u00e9pur\u00e9 et confort au quotidien, ce qui en fait un choix fiable pour une tenue simple et sans effort.<\/p>","protected":false},"excerpt":{"rendered":"<p>Couleurs : Caf\u00e9, Bleu poudr\u00e9, Blanc, Gris fonc\u00e9, Gris clair<\/p>\n<p>Tailles : S\/M\/L\/XL<\/p>\n<p>Tissu\u00a0: Molleton fran\u00e7ais 210\u00a0g<\/p>\n<p>Ce sweat-shirt \u00e0 col rond est confectionn\u00e9 en molleton fran\u00e7ais de 210 grammes et se d\u00e9cline en cinq coloris aux tons doux. Sa coupe simple et sa texture douce lui permettent de s&#039;int\u00e9grer facilement aussi bien au travail qu&#039;en tenue d\u00e9contract\u00e9e.<\/p>","protected":false},"featured_media":432,"comment_status":"open","ping_status":"closed","template":"","meta":[],"product_brand":[],"product_cat":[24],"product_tag":[],"class_list":{"0":"post-272","1":"product","2":"type-product","3":"status-publish","4":"has-post-thumbnail","6":"product_cat-mens-clothing","8":"first","9":"instock","10":"shipping-taxable","11":"product-type-simple"},"_links":{"self":[{"href":"https:\/\/xxyapparel.com\/fr\/wp-json\/wp\/v2\/product\/272","targetHints":{"allow":["GET"]}}],"collection":[{"href":"https:\/\/xxyapparel.com\/fr\/wp-json\/wp\/v2\/product"}],"about":[{"href":"https:\/\/xxyapparel.com\/fr\/wp-json\/wp\/v2\/types\/product"}],"replies":[{"embeddable":true,"href":"https:\/\/xxyapparel.com\/fr\/wp-json\/wp\/v2\/comments?post=272"}],"wp:featuredmedia":[{"embeddable":true,"href":"https:\/\/xxyapparel.com\/fr\/wp-json\/wp\/v2\/media\/432"}],"wp:attachment":[{"href":"https:\/\/xxyapparel.com\/fr\/wp-json\/wp\/v2\/media?parent=272"}],"wp:term":[{"taxonomy":"product_brand","embeddable":true,"href":"https:\/\/xxyapparel.com\/fr\/wp-json\/wp\/v2\/product_brand?post=272"},{"taxonomy":"product_cat","embeddable":true,"href":"https:\/\/xxyapparel.com\/fr\/wp-json\/wp\/v2\/product_cat?post=272"},{"taxonomy":"product_tag","embeddable":true,"href":"https:\/\/xxyapparel.com\/fr\/wp-json\/wp\/v2\/product_tag?post=272"}],"curies":[{"name":"wp","href":"https:\/\/api.w.org\/{rel}","templated":true}]}}