{"id":269,"date":"2025-11-12T05:39:50","date_gmt":"2025-11-12T05:39:50","guid":{"rendered":"https:\/\/xxyapparel.com\/?post_type=product&#038;p=269"},"modified":"2025-12-06T09:12:24","modified_gmt":"2025-12-06T09:12:24","slug":"childrens-velvet-pajama-set","status":"publish","type":"product","link":"https:\/\/xxyapparel.com\/fr\/product\/childrens-velvet-pajama-set\/","title":{"rendered":"Ensemble pyjama en velours pour enfants"},"content":{"rendered":"<h2 data-start=\"79\" data-end=\"159\">Ensemble pyjama en velours pour enfants doux, chaud et doux pour le confort quotidien<\/h2>\n<p data-start=\"161\" data-end=\"356\">Le Set Pyjama en velours pour enfants offre une sensation confortable et apaisante, parfaite pour l'heure du coucher ou les moments de d\u00e9tente \u00e0 la maison Doux, chaud et respirant, il maintient les enfants \u00e0 l'aise \u00e0 travers chaque saison.<\/p>\n<h4 data-start=\"358\" data-end=\"382\">M\u00e9lange de velours doux<\/h4>\n<p data-start=\"383\" data-end=\"601\">Fabriqu\u00e9 \u00e0 partir d'un m\u00e9lange de tissu velours de polyester 701TP3 T et de coton 301TP3 T \u00e0 200 g, le mat\u00e9riau est moelleux tout en restant l\u00e9ger Il est doux pour la peau, ce qui en fait un excellent choix pour les besoins de confort sensibles des enfants.<\/p>\n<h4 data-start=\"603\" data-end=\"640\">Combinaisons de couleurs coordonn\u00e9es<\/h4>\n<p data-start=\"641\" data-end=\"680\">L'ensemble se d\u00e9cline en deux options \u00e9l\u00e9gantes :<\/p>\n<ul data-start=\"681\" data-end=\"829\">\n<li data-start=\"681\" data-end=\"720\">\n<p data-start=\"683\" data-end=\"720\">Top gris clair avec pantalon bleu fonc\u00e9<\/p>\n<\/li>\n<li data-start=\"721\" data-end=\"829\">\n<p data-start=\"723\" data-end=\"829\">Top bleu fonc\u00e9 avec pantalon gris clair<br data-start=\"758\" data-end=\"761\" \/>Ces combinaisons apportent un look calme, classique et facile \u00e0 aimer.<\/p>\n<\/li>\n<\/ul>\n<h4 data-start=\"831\" data-end=\"870\">Confortable adapt\u00e9 aux enfants en pleine croissance<\/h4>\n<p data-start=\"871\" data-end=\"1027\">Disponible dans les tailles 110 \u00e0 170, l'ensemble pyjama offre un ajustement d\u00e9tendu et flexible Les enfants peuvent s'\u00e9tirer, jouer et dormir confortablement sans se sentir restreints.<\/p>\n<h4 data-start=\"1029\" data-end=\"1064\">Parfait pour la maison et l'heure du coucher<\/h4>\n<ul data-start=\"1065\" data-end=\"1130\">\n<li data-start=\"1065\" data-end=\"1080\">\n<p data-start=\"1067\" data-end=\"1080\">Nuits confortables<\/p>\n<\/li>\n<li data-start=\"1081\" data-end=\"1106\">\n<p data-start=\"1083\" data-end=\"1106\">Se pr\u00e9lasser le week-end calme<\/p>\n<\/li>\n<li data-start=\"1107\" data-end=\"1130\">\n<p data-start=\"1109\" data-end=\"1130\">Jeu en salle d\u00e9tendu<\/p>\n<\/li>\n<\/ul>\n<p data-start=\"1132\" data-end=\"1271\" data-is-last-node=\"\" data-is-only-node=\"\">Le Set Pyjama en velours pour enfants m\u00e9lange chaleur, douceur et style facile et confortable au quotidien essentiel pour l'armoire \u00e0 domicile d'un enfant<\/p>","protected":false},"excerpt":{"rendered":"<p>Couleur : Haut gris clair + Pantalon bleu fonc\u00e9 ; Haut bleu fonc\u00e9 + Pantalon gris clair<\/p>\n<p>Taille: 110\/120\/130\/140\/150\/160\/170<\/p>\n<p>Tissu : Velours (polyester 70%, coton 30%) 200g<\/p>\n<p>Ce Set Pyjama en velours pour enfant est fait de tissu velours confortable (polyester 701TP3 T, coton 301TP3 T) et se d\u00e9cline en deux combinaisons de couleurs : un haut gris clair avec pantalon bleu fonc\u00e9 ou un haut bleu fonc\u00e9 avec pantalon gris clair Les tailles varient de 110 \u00e0 170. il est doux, chaud, et adapt\u00e9 aux v\u00eatements de tous les jours des enfants.<\/p>","protected":false},"featured_media":433,"comment_status":"open","ping_status":"closed","template":"","meta":[],"product_brand":[],"product_cat":[25],"product_tag":[],"class_list":{"0":"post-269","1":"product","2":"type-product","3":"status-publish","4":"has-post-thumbnail","6":"product_cat-childrens-clothing","8":"first","9":"instock","10":"shipping-taxable","11":"product-type-simple"},"_links":{"self":[{"href":"https:\/\/xxyapparel.com\/fr\/wp-json\/wp\/v2\/product\/269","targetHints":{"allow":["GET"]}}],"collection":[{"href":"https:\/\/xxyapparel.com\/fr\/wp-json\/wp\/v2\/product"}],"about":[{"href":"https:\/\/xxyapparel.com\/fr\/wp-json\/wp\/v2\/types\/product"}],"replies":[{"embeddable":true,"href":"https:\/\/xxyapparel.com\/fr\/wp-json\/wp\/v2\/comments?post=269"}],"wp:featuredmedia":[{"embeddable":true,"href":"https:\/\/xxyapparel.com\/fr\/wp-json\/wp\/v2\/media\/433"}],"wp:attachment":[{"href":"https:\/\/xxyapparel.com\/fr\/wp-json\/wp\/v2\/media?parent=269"}],"wp:term":[{"taxonomy":"product_brand","embeddable":true,"href":"https:\/\/xxyapparel.com\/fr\/wp-json\/wp\/v2\/product_brand?post=269"},{"taxonomy":"product_cat","embeddable":true,"href":"https:\/\/xxyapparel.com\/fr\/wp-json\/wp\/v2\/product_cat?post=269"},{"taxonomy":"product_tag","embeddable":true,"href":"https:\/\/xxyapparel.com\/fr\/wp-json\/wp\/v2\/product_tag?post=269"}],"curies":[{"name":"wp","href":"https:\/\/api.w.org\/{rel}","templated":true}]}}