{"id":267,"date":"2025-11-12T05:36:01","date_gmt":"2025-11-12T05:36:01","guid":{"rendered":"https:\/\/xxyapparel.com\/?post_type=product&#038;p=267"},"modified":"2025-12-06T09:25:04","modified_gmt":"2025-12-06T09:25:04","slug":"childrens-coral-fleece-thick-pajama-set","status":"publish","type":"product","link":"https:\/\/xxyapparel.com\/fr\/product\/childrens-coral-fleece-thick-pajama-set\/","title":{"rendered":"Ensemble de pyjama \u00e9pais en polaire corail pour enfants"},"content":{"rendered":"<h2 data-start=\"85\" data-end=\"154\">Ensemble de pyjama \u00e9pais en polaire de corail pour enfants, confortable et doux<\/h2>\n<p data-start=\"156\" data-end=\"397\">Gardez votre enfant au chaud et \u00e0 l'aise avec le Set Pyjama \u00c9pais en Toison de Corail pour Enfants, parfait pour les nuits fra\u00eeches et les matin\u00e9es douillettes Son tissu doux et moelleux offre confort et isolation, id\u00e9al aussi bien pour les enfants actifs que pour un sommeil r\u00e9parateur.<\/p>\n<h4 data-start=\"399\" data-end=\"431\">Tissu polaire corail en peluche<\/h4>\n<p data-start=\"432\" data-end=\"637\">Fabriqu\u00e9 \u00e0 partir de polaire de corail polyester 1001TP3 T \u00e0 220 g, le mat\u00e9riau est doux, chaud et doux pour la peau Il offre une excellente isolation sans se sentir lourd, gardant les enfants \u00e0 l'aise toute la nuit.<\/p>\n<h4 data-start=\"639\" data-end=\"672\">Couleur vibrante et joyeuse<\/h4>\n<p data-start=\"673\" data-end=\"796\">La couleur vert clair ajoute une touche fra\u00eeche et ludique au set de pyjama, rendant l'heure du coucher amusante et \u00e9l\u00e9gante pour vos plus petits.<\/p>\n<h4 data-start=\"798\" data-end=\"837\">Confortable adapt\u00e9 aux enfants en pleine croissance<\/h4>\n<p data-start=\"838\" data-end=\"1022\">Disponible dans les tailles 6, 8, 10, 12, 14 et 16 bas\u00e9es sur l'\u00e2ge, cet ensemble offre un ajustement d\u00e9tendu et flexible. Le tissu doux et extensible permet aux enfants de se d\u00e9placer librement tout en restant bien et douillet.<\/p>\n<h4 data-start=\"1024\" data-end=\"1055\">Parfait pour le confort de la maison<\/h4>\n<ul data-start=\"1056\" data-end=\"1172\">\n<li data-start=\"1056\" data-end=\"1083\">\n<p data-start=\"1058\" data-end=\"1083\">Des nuits chaudes et reposantes<\/p>\n<\/li>\n<li data-start=\"1084\" data-end=\"1125\">\n<p data-start=\"1086\" data-end=\"1125\">Matin\u00e9es d\u00e9tendues et farniente le week-end<\/p>\n<\/li>\n<li data-start=\"1126\" data-end=\"1172\">\n<p data-start=\"1128\" data-end=\"1172\">Temps de jeu en salle ou activit\u00e9s calmes \u00e0 la maison<\/p>\n<\/li>\n<\/ul>\n<p data-start=\"1174\" data-end=\"1320\">Le Set Pyjama \u00c9pais en Toison Corail pour Enfants allie chaleur, douceur, et style ludique un ajout parfait \u00e0 la garde-robe douillette de chaque enfant.<\/p>","protected":false},"excerpt":{"rendered":"<p>Couleur : Vert clair<\/p>\n<p>Taille : 6\/8\/10\/12\/14\/16 (tailles bas\u00e9es sur l'\u00e2ge)<\/p>\n<p>Tissu : Toison de corail (polyester 100%) 220g<\/p>\n<p>Laissez votre tout-petit se sentir aussi \u00e0 l'aise et insouciant qu'un petit elfe dans ces pyjamas en polaire corail vert clair Fabriqu\u00e9 avec un tissu chaud de 220 g d'\u00e9paisseur, ils exploreront avec plaisir leurs beaux r\u00eaves.<\/p>","protected":false},"featured_media":434,"comment_status":"open","ping_status":"closed","template":"","meta":[],"product_brand":[],"product_cat":[25],"product_tag":[],"class_list":{"0":"post-267","1":"product","2":"type-product","3":"status-publish","4":"has-post-thumbnail","6":"product_cat-childrens-clothing","8":"first","9":"instock","10":"shipping-taxable","11":"product-type-simple"},"_links":{"self":[{"href":"https:\/\/xxyapparel.com\/fr\/wp-json\/wp\/v2\/product\/267","targetHints":{"allow":["GET"]}}],"collection":[{"href":"https:\/\/xxyapparel.com\/fr\/wp-json\/wp\/v2\/product"}],"about":[{"href":"https:\/\/xxyapparel.com\/fr\/wp-json\/wp\/v2\/types\/product"}],"replies":[{"embeddable":true,"href":"https:\/\/xxyapparel.com\/fr\/wp-json\/wp\/v2\/comments?post=267"}],"wp:featuredmedia":[{"embeddable":true,"href":"https:\/\/xxyapparel.com\/fr\/wp-json\/wp\/v2\/media\/434"}],"wp:attachment":[{"href":"https:\/\/xxyapparel.com\/fr\/wp-json\/wp\/v2\/media?parent=267"}],"wp:term":[{"taxonomy":"product_brand","embeddable":true,"href":"https:\/\/xxyapparel.com\/fr\/wp-json\/wp\/v2\/product_brand?post=267"},{"taxonomy":"product_cat","embeddable":true,"href":"https:\/\/xxyapparel.com\/fr\/wp-json\/wp\/v2\/product_cat?post=267"},{"taxonomy":"product_tag","embeddable":true,"href":"https:\/\/xxyapparel.com\/fr\/wp-json\/wp\/v2\/product_tag?post=267"}],"curies":[{"name":"wp","href":"https:\/\/api.w.org\/{rel}","templated":true}]}}