{"id":262,"date":"2025-11-12T05:22:02","date_gmt":"2025-11-12T05:22:02","guid":{"rendered":"https:\/\/xxyapparel.com\/?post_type=product&#038;p=262"},"modified":"2025-12-06T09:29:13","modified_gmt":"2025-12-06T09:29:13","slug":"customizable-hooded-sweatshirt","status":"publish","type":"product","link":"https:\/\/xxyapparel.com\/fr\/product\/customizable-hooded-sweatshirt\/","title":{"rendered":"Sweat \u00e0 capuche personnalisable"},"content":{"rendered":"<h2 data-start=\"73\" data-end=\"152\">Sweat \u00e0 capuche personnalisable \u2013 Confortable, \u00e9l\u00e9gant et personnalisable<\/h2>\n<p data-start=\"154\" data-end=\"397\">Restez bien au chaud et affirmez votre style unique avec notre sweat-shirt \u00e0 capuche personnalisable. Con\u00e7u pour le confort, la chaleur et l&#039;expression personnelle, ce sweat-shirt est id\u00e9al pour une tenue d\u00e9contract\u00e9e, les activit\u00e9s de plein air ou pour cr\u00e9er vos propres designs personnalis\u00e9s.<\/p>\n<h4 data-start=\"399\" data-end=\"441\">Tissu bross\u00e9 simple face de qualit\u00e9 sup\u00e9rieure<\/h4>\n<p data-start=\"442\" data-end=\"636\">Confectionn\u00e9 en tissu 21S import\u00e9, bross\u00e9 sur une seule face et d&#039;un grammage de 430 g, ce sweat-shirt est doux, \u00e9pais et chaud. Il offre un confort optimal sans compromettre sa durabilit\u00e9 ni sa tenue.<\/p>\n<h4 data-start=\"638\" data-end=\"672\">Options de conception personnalisables<\/h4>\n<p data-start=\"673\" data-end=\"843\">Disponible en marron, gris et noir, ce sweat-shirt offre une base polyvalente pour la personnalisation. Ajoutez vos propres graphismes, textes ou illustrations pour cr\u00e9er une pi\u00e8ce vraiment unique.<\/p>\n<h4 data-start=\"845\" data-end=\"879\">Coupe confortable et d\u00e9contract\u00e9e<\/h4>\n<p data-start=\"880\" data-end=\"1064\">Disponible en tailles S, M, L et XL, ce sweat \u00e0 capuche est con\u00e7u pour s&#039;adapter \u00e0 diff\u00e9rentes morphologies. Sa coupe d\u00e9contract\u00e9e assure une grande libert\u00e9 de mouvement tout en conservant un style \u00e0 la fois tendance et d\u00e9contract\u00e9.<\/p>\n<h4 data-start=\"1066\" data-end=\"1098\">Parfait pour le quotidien<\/h4>\n<ul data-start=\"1099\" data-end=\"1237\">\n<li data-start=\"1099\" data-end=\"1132\">\n<p data-start=\"1101\" data-end=\"1132\">Sorties d\u00e9contract\u00e9es et v\u00eatements de rue<\/p>\n<\/li>\n<li data-start=\"1133\" data-end=\"1175\">\n<p data-start=\"1135\" data-end=\"1175\">Se d\u00e9tendre \u00e0 la maison ou activit\u00e9s en plein air<\/p>\n<\/li>\n<li data-start=\"1176\" data-end=\"1237\">\n<p data-start=\"1178\" data-end=\"1237\">Personnalisation pour cadeaux, \u00e9v\u00e9nements ou expression cr\u00e9ative<\/p>\n<\/li>\n<\/ul>\n<p data-start=\"1239\" data-end=\"1381\">Rehaussez votre garde-robe avec le sweat-shirt \u00e0 capuche personnalisable, alliant confort, style et libert\u00e9 d&#039;exprimer votre propre cr\u00e9ativit\u00e9.<\/p>","protected":false},"excerpt":{"rendered":"<p>Couleur : Marron, Gris, Noir<\/p>\n<p>Tailles : S\/M\/L\/XL<\/p>\n<p>Tissu\u00a0: Tissu bross\u00e9 simple face (import\u00e9 21S) 430\u00a0g<\/p>\n<p>Confectionn\u00e9 en tissu bross\u00e9 import\u00e9 de 430 g\/m\u00b2, ce sweat \u00e0 capuche offre une sensation de robustesse et une excellente isolation thermique. Disponible en trois coloris classiques, il garantit une protection optimale pour le travail comme pour les loisirs.<\/p>","protected":false},"featured_media":431,"comment_status":"open","ping_status":"closed","template":"","meta":[],"product_brand":[],"product_cat":[24],"product_tag":[],"class_list":{"0":"post-262","1":"product","2":"type-product","3":"status-publish","4":"has-post-thumbnail","6":"product_cat-mens-clothing","8":"first","9":"instock","10":"shipping-taxable","11":"product-type-simple"},"_links":{"self":[{"href":"https:\/\/xxyapparel.com\/fr\/wp-json\/wp\/v2\/product\/262","targetHints":{"allow":["GET"]}}],"collection":[{"href":"https:\/\/xxyapparel.com\/fr\/wp-json\/wp\/v2\/product"}],"about":[{"href":"https:\/\/xxyapparel.com\/fr\/wp-json\/wp\/v2\/types\/product"}],"replies":[{"embeddable":true,"href":"https:\/\/xxyapparel.com\/fr\/wp-json\/wp\/v2\/comments?post=262"}],"wp:featuredmedia":[{"embeddable":true,"href":"https:\/\/xxyapparel.com\/fr\/wp-json\/wp\/v2\/media\/431"}],"wp:attachment":[{"href":"https:\/\/xxyapparel.com\/fr\/wp-json\/wp\/v2\/media?parent=262"}],"wp:term":[{"taxonomy":"product_brand","embeddable":true,"href":"https:\/\/xxyapparel.com\/fr\/wp-json\/wp\/v2\/product_brand?post=262"},{"taxonomy":"product_cat","embeddable":true,"href":"https:\/\/xxyapparel.com\/fr\/wp-json\/wp\/v2\/product_cat?post=262"},{"taxonomy":"product_tag","embeddable":true,"href":"https:\/\/xxyapparel.com\/fr\/wp-json\/wp\/v2\/product_tag?post=262"}],"curies":[{"name":"wp","href":"https:\/\/api.w.org\/{rel}","templated":true}]}}