{"id":258,"date":"2025-11-12T05:10:41","date_gmt":"2025-11-12T05:10:41","guid":{"rendered":"https:\/\/xxyapparel.com\/?post_type=product&#038;p=258"},"modified":"2025-12-08T02:38:48","modified_gmt":"2025-12-08T02:38:48","slug":"womens-printed-pajama-set","status":"publish","type":"product","link":"https:\/\/xxyapparel.com\/fr\/product\/womens-printed-pajama-set\/","title":{"rendered":"Ensemble de pyjama imprim\u00e9 pour femme"},"content":{"rendered":"<h3 data-start=\"77\" data-end=\"143\">Ensemble pyjama imprim\u00e9 pour femme \u2013 Doux, \u00e9l\u00e9gant et facile \u00e0 porter<\/h3>\n<p data-start=\"145\" data-end=\"338\">Apportez confort et charme \u00e0 vos moments de d\u00e9tente quotidiens avec le <strong data-start=\"203\" data-end=\"233\">Ensemble de pyjama imprim\u00e9 pour femme<\/strong>, Con\u00e7u avec une coupe flatteuse et un joli motif imprim\u00e9 qui ajoute de la personnalit\u00e9 \u00e0 vos v\u00eatements d&#039;int\u00e9rieur.<\/p>\n<h4 data-start=\"340\" data-end=\"378\">Tissu c\u00f4tel\u00e9 doux et extensible<\/h4>\n<p data-start=\"379\" data-end=\"595\">Confectionn\u00e9 en tissu c\u00f4tel\u00e9 2x2 compos\u00e9 de 95 % de polyester TP3T et de 51 % d&#039;\u00e9lasthanne TP3T (180 g\/m\u00b2), ce tissu est doux, respirant et extensible. Il \u00e9pouse les mouvements du corps, ce qui le rend id\u00e9al pour dormir ou se d\u00e9tendre.<\/p>\n<h4 data-start=\"597\" data-end=\"627\">Imprim\u00e9 bleu fonc\u00e9 \u00e9l\u00e9gant<\/h4>\n<p data-start=\"628\" data-end=\"817\">Le fond bleu fonc\u00e9, associ\u00e9 \u00e0 un d\u00e9licat imprim\u00e9, conf\u00e8re \u00e0 cet ensemble de pyjama une allure \u00e0 la fois fra\u00eeche et \u00e9l\u00e9gante. Un mod\u00e8le qui allie confort et \u00e9l\u00e9gance sobre \u00e0 votre garde-robe d&#039;int\u00e9rieur.<\/p>\n<h4 data-start=\"819\" data-end=\"865\">Confortable pour se d\u00e9tendre au quotidien<\/h4>\n<p data-start=\"866\" data-end=\"1058\">Disponible en tailles S, M, L et XL, cet ensemble \u00e0 la coupe d\u00e9contract\u00e9e offre un confort optimal sans alourdir la silhouette. Facile \u00e0 porter et offrant une grande libert\u00e9 de mouvement, il est id\u00e9al pour se d\u00e9tendre.<\/p>\n<h4 data-start=\"1060\" data-end=\"1091\">Parfait pour le confort de la maison<\/h4>\n<ul data-start=\"1092\" data-end=\"1200\">\n<li data-start=\"1092\" data-end=\"1128\">\n<p data-start=\"1094\" data-end=\"1128\">Des nuits reposantes et des soir\u00e9es agr\u00e9ables<\/p>\n<\/li>\n<li data-start=\"1129\" data-end=\"1170\">\n<p data-start=\"1131\" data-end=\"1170\">D\u00e9tente du week-end et routines matinales<\/p>\n<\/li>\n<li data-start=\"1171\" data-end=\"1200\">\n<p data-start=\"1173\" data-end=\"1200\">Activit\u00e9s d&#039;int\u00e9rieur relaxantes<\/p>\n<\/li>\n<\/ul>\n<p data-start=\"1202\" data-end=\"1354\" data-is-last-node=\"\" data-is-only-node=\"\">Le <strong data-start=\"1206\" data-end=\"1236\">Ensemble de pyjama imprim\u00e9 pour femme<\/strong> Elle allie douceur, \u00e9lasticit\u00e9 et un design \u00e9l\u00e9gant : un choix id\u00e9al pour tous ceux qui appr\u00e9cient le confort avec une touche de style.<\/p>\n<p>&nbsp;<\/p>","protected":false},"excerpt":{"rendered":"<p>Couleur : Bleu fonc\u00e9 \u00e0 motifs imprim\u00e9s<\/p>\n<p>Tailles : S\/M\/L\/XL<\/p>\n<p>Tissu : c\u00f4tes 2x2 (95% polyester, 5%Spandex) 180\/m\u00b2<\/p>\n<p>Confectionn\u00e9 dans un tissu c\u00f4tel\u00e9 extensible de qualit\u00e9 sup\u00e9rieure, cet ensemble de pyjama en dentelle imprim\u00e9e bleu fonc\u00e9 offre une sensation de confort et d&#039;\u00e9l\u00e9gance gr\u00e2ce \u00e0 sa texture d\u00e9licate et ses courbes fluides.<\/p>","protected":false},"featured_media":2091,"comment_status":"open","ping_status":"closed","template":"","meta":[],"product_brand":[],"product_cat":[23],"product_tag":[],"class_list":{"0":"post-258","1":"product","2":"type-product","3":"status-publish","4":"has-post-thumbnail","6":"product_cat-lady-clothing","8":"first","9":"instock","10":"shipping-taxable","11":"product-type-simple"},"_links":{"self":[{"href":"https:\/\/xxyapparel.com\/fr\/wp-json\/wp\/v2\/product\/258","targetHints":{"allow":["GET"]}}],"collection":[{"href":"https:\/\/xxyapparel.com\/fr\/wp-json\/wp\/v2\/product"}],"about":[{"href":"https:\/\/xxyapparel.com\/fr\/wp-json\/wp\/v2\/types\/product"}],"replies":[{"embeddable":true,"href":"https:\/\/xxyapparel.com\/fr\/wp-json\/wp\/v2\/comments?post=258"}],"wp:featuredmedia":[{"embeddable":true,"href":"https:\/\/xxyapparel.com\/fr\/wp-json\/wp\/v2\/media\/2091"}],"wp:attachment":[{"href":"https:\/\/xxyapparel.com\/fr\/wp-json\/wp\/v2\/media?parent=258"}],"wp:term":[{"taxonomy":"product_brand","embeddable":true,"href":"https:\/\/xxyapparel.com\/fr\/wp-json\/wp\/v2\/product_brand?post=258"},{"taxonomy":"product_cat","embeddable":true,"href":"https:\/\/xxyapparel.com\/fr\/wp-json\/wp\/v2\/product_cat?post=258"},{"taxonomy":"product_tag","embeddable":true,"href":"https:\/\/xxyapparel.com\/fr\/wp-json\/wp\/v2\/product_tag?post=258"}],"curies":[{"name":"wp","href":"https:\/\/api.w.org\/{rel}","templated":true}]}}