{"id":254,"date":"2025-11-12T03:58:59","date_gmt":"2025-11-12T03:58:59","guid":{"rendered":"https:\/\/xxyapparel.com\/?post_type=product&#038;p=254"},"modified":"2025-12-08T02:44:57","modified_gmt":"2025-12-08T02:44:57","slug":"womens-comfortable-casual-pajamas","status":"publish","type":"product","link":"https:\/\/xxyapparel.com\/fr\/product\/womens-comfortable-casual-pajamas\/","title":{"rendered":"Pyjamas d\u00e9contract\u00e9s et confortables pour femmes"},"content":{"rendered":"<h2 data-start=\"85\" data-end=\"159\">Pyjama d\u00e9contract\u00e9 et confortable pour femme \u2013 Doux, confortable et facile \u00e0 porter<\/h2>\n<p data-start=\"161\" data-end=\"318\">Profitez d&#039;un confort quotidien avec le <strong data-start=\"193\" data-end=\"231\">Pyjamas d\u00e9contract\u00e9s et confortables pour femmes<\/strong>, Con\u00e7u pour offrir une sensation de douceur et une coupe d\u00e9contract\u00e9e, id\u00e9al pour se d\u00e9tendre \u00e0 la maison.<\/p>\n<h4 data-start=\"320\" data-end=\"353\">Tissu polaire doux bross\u00e9<\/h4>\n<p data-start=\"354\" data-end=\"551\">Confectionn\u00e9 en polaire bross\u00e9e avec \u00e9lasthanne (TC 65\/35) \u00e0 200 g, ce tissu est chaud, doux et souple. Il offre un confort l\u00e9ger tout en permettant une libert\u00e9 de mouvement naturelle de jour comme de nuit.<\/p>\n<h4 data-start=\"553\" data-end=\"582\">Options de couleurs charmantes<\/h4>\n<p data-start=\"583\" data-end=\"751\">Disponibles en rose et prune, ces deux couleurs apportent une touche de douceur et de confort \u00e0 votre linge de maison. Ce sont des teintes simples et ravissantes, parfaites pour un style de vie calme et d\u00e9tendu.<\/p>\n<h4 data-start=\"753\" data-end=\"796\">Confortable pour la d\u00e9tente quotidienne<\/h4>\n<p data-start=\"797\" data-end=\"985\">Disponible en tailles S, M, L et XL, cet ensemble pyjama offre une coupe naturelle et confortable. Son tissu respirant et sa silhouette d\u00e9contract\u00e9e en font le v\u00eatement id\u00e9al pour se d\u00e9tendre, se reposer ou profiter de moments de calme \u00e0 la maison.<\/p>\n<h4 data-start=\"987\" data-end=\"1018\">Parfait pour le confort de la maison<\/h4>\n<ul data-start=\"1019\" data-end=\"1103\">\n<li data-start=\"1019\" data-end=\"1052\">\n<p data-start=\"1021\" data-end=\"1052\">Des nuits douces et des matins calmes<\/p>\n<\/li>\n<li data-start=\"1053\" data-end=\"1075\">\n<p data-start=\"1055\" data-end=\"1075\">D\u00e9tente du week-end<\/p>\n<\/li>\n<li data-start=\"1076\" data-end=\"1103\">\n<p data-start=\"1078\" data-end=\"1103\">Activit\u00e9s l\u00e9g\u00e8res en int\u00e9rieur<\/p>\n<\/li>\n<\/ul>\n<p data-start=\"1105\" data-end=\"1256\" data-is-last-node=\"\" data-is-only-node=\"\">Le <strong data-start=\"1109\" data-end=\"1147\">Pyjamas d\u00e9contract\u00e9s et confortables pour femmes<\/strong> Offrant un \u00e9quilibre entre douceur, chaleur et confort au quotidien, ce produit est un indispensable pour une routine domestique agr\u00e9able.<\/p>","protected":false},"excerpt":{"rendered":"<p>Couleur : Rose, Prune<\/p>\n<p>Tailles : S\/M\/L\/XL<\/p>\n<p>Tissu\u00a0: Molleton bross\u00e9 avec \u00e9lasthanne (65\u00a0% coton, 35\u00a0% \u00e9lasthanne) 200\u00a0g\/m\u00b2<\/p>\n<p>Confectionn\u00e9 en polaire stretch haut de gamme de 200 g, ce tissu offre une sensation de l\u00e9g\u00e8ret\u00e9 et de chaleur. Disponible en rose et r\u00e9glisse, il procure un confort optimal et une grande libert\u00e9 de mouvement, pour un bien-\u00eatre absolu durant les mois les plus froids.<\/p>","protected":false},"featured_media":256,"comment_status":"open","ping_status":"closed","template":"","meta":[],"product_brand":[],"product_cat":[23],"product_tag":[],"class_list":{"0":"post-254","1":"product","2":"type-product","3":"status-publish","4":"has-post-thumbnail","6":"product_cat-lady-clothing","8":"first","9":"instock","10":"shipping-taxable","11":"product-type-simple"},"_links":{"self":[{"href":"https:\/\/xxyapparel.com\/fr\/wp-json\/wp\/v2\/product\/254","targetHints":{"allow":["GET"]}}],"collection":[{"href":"https:\/\/xxyapparel.com\/fr\/wp-json\/wp\/v2\/product"}],"about":[{"href":"https:\/\/xxyapparel.com\/fr\/wp-json\/wp\/v2\/types\/product"}],"replies":[{"embeddable":true,"href":"https:\/\/xxyapparel.com\/fr\/wp-json\/wp\/v2\/comments?post=254"}],"wp:featuredmedia":[{"embeddable":true,"href":"https:\/\/xxyapparel.com\/fr\/wp-json\/wp\/v2\/media\/256"}],"wp:attachment":[{"href":"https:\/\/xxyapparel.com\/fr\/wp-json\/wp\/v2\/media?parent=254"}],"wp:term":[{"taxonomy":"product_brand","embeddable":true,"href":"https:\/\/xxyapparel.com\/fr\/wp-json\/wp\/v2\/product_brand?post=254"},{"taxonomy":"product_cat","embeddable":true,"href":"https:\/\/xxyapparel.com\/fr\/wp-json\/wp\/v2\/product_cat?post=254"},{"taxonomy":"product_tag","embeddable":true,"href":"https:\/\/xxyapparel.com\/fr\/wp-json\/wp\/v2\/product_tag?post=254"}],"curies":[{"name":"wp","href":"https:\/\/api.w.org\/{rel}","templated":true}]}}