{"id":252,"date":"2025-11-12T03:47:19","date_gmt":"2025-11-12T03:47:19","guid":{"rendered":"https:\/\/xxyapparel.com\/?post_type=product&#038;p=252"},"modified":"2025-12-08T03:07:55","modified_gmt":"2025-12-08T03:07:55","slug":"waffle-knit-pajama-set","status":"publish","type":"product","link":"https:\/\/xxyapparel.com\/fr\/product\/waffle-knit-pajama-set\/","title":{"rendered":"Ensemble pyjama en maille gaufr\u00e9e"},"content":{"rendered":"<h2 data-start=\"72\" data-end=\"140\">Ensemble pyjama en maille gaufr\u00e9e \u2013 L\u00e9ger, confortable et d\u00e9contract\u00e9 sans effort<\/h2>\n<p data-start=\"142\" data-end=\"365\">Le <strong data-start=\"146\" data-end=\"172\">Ensemble pyjama en maille gaufr\u00e9e<\/strong> Ce tissu doux et respirant, \u00e0 l&#039;aspect textur\u00e9, est id\u00e9al pour des matins paisibles et des soir\u00e9es reposantes. Son tissage gaufr\u00e9 souple apporte du confort tout en conf\u00e9rant \u00e0 l&#039;ensemble un style \u00e9pur\u00e9 et d\u00e9contract\u00e9.<\/p>\n<h4 data-start=\"367\" data-end=\"406\">Tissage gaufr\u00e9 doux et respirant<\/h4>\n<p data-start=\"407\" data-end=\"593\">Confectionn\u00e9 en maille gaufr\u00e9e de 200 g, ce pyjama est l\u00e9ger, doux et naturellement a\u00e9r\u00e9. Son motif textur\u00e9 apporte une touche chaleureuse tout en assurant un confort optimal en toute saison.<\/p>\n<h4 data-start=\"595\" data-end=\"625\">Couleurs chaudes et neutres<\/h4>\n<p data-start=\"626\" data-end=\"821\">Disponibles en beige et caf\u00e9, ces teintes douces et discr\u00e8tes apportent une touche de simplicit\u00e9 et de s\u00e9r\u00e9nit\u00e9 \u00e0 votre linge de maison. Faciles \u00e0 assortir, elles sont parfaites pour celles et ceux qui appr\u00e9cient les nuances naturelles et apaisantes.<\/p>\n<h4 data-start=\"823\" data-end=\"847\">Coupe facile et d\u00e9contract\u00e9e<\/h4>\n<p data-start=\"848\" data-end=\"1031\">Disponible en tailles S, M, L et XL, cet ensemble pyjama offre une coupe d\u00e9contract\u00e9e qui \u00e9pouse vos mouvements. Il est id\u00e9al pour se d\u00e9tendre apr\u00e8s une longue journ\u00e9e ou profiter d&#039;un moment de calme \u00e0 la maison.<\/p>\n<h4 data-start=\"1033\" data-end=\"1068\">Parfait pour un confort quotidien<\/h4>\n<ul data-start=\"1069\" data-end=\"1171\">\n<li data-start=\"1069\" data-end=\"1105\">\n<p data-start=\"1071\" data-end=\"1105\">Des soir\u00e9es agr\u00e9ables et des nuits reposantes<\/p>\n<\/li>\n<li data-start=\"1106\" data-end=\"1126\">\n<p data-start=\"1108\" data-end=\"1126\">D\u00e9tente du week-end<\/p>\n<\/li>\n<li data-start=\"1127\" data-end=\"1171\">\n<p data-start=\"1129\" data-end=\"1171\">Lecture, d\u00e9tente et activit\u00e9s d&#039;int\u00e9rieur<\/p>\n<\/li>\n<\/ul>\n<p data-start=\"1173\" data-end=\"1325\" data-is-last-node=\"\" data-is-only-node=\"\">Le <strong data-start=\"1177\" data-end=\"1203\">Ensemble pyjama en maille gaufr\u00e9e<\/strong> Elle allie une texture douce, un confort respirant et un style naturellement d\u00e9contract\u00e9 : un indispensable facile \u00e0 vivre pour vos moments de d\u00e9tente quotidiens.<\/p>","protected":false},"excerpt":{"rendered":"<p>Couleur : Beige, Caf\u00e9<\/p>\n<p>Tailles : S\/M\/L\/XL<\/p>\n<p>Tissu\u00a0: gaufr\u00e9 200\u00a0g<\/p>\n<p>Ce pyjama en maille gaufr\u00e9e est confectionn\u00e9 dans un tissu textur\u00e9 de 200 grammes. Le beige est doux et \u00e9l\u00e9gant, tandis que le caf\u00e9 est encore plus raffin\u00e9. Il d\u00e9gage un charme \u00e9l\u00e9gant, m\u00eame dans l&#039;intimit\u00e9 de votre foyer.<\/p>","protected":false},"featured_media":2095,"comment_status":"open","ping_status":"closed","template":"","meta":[],"product_brand":[],"product_cat":[23],"product_tag":[],"class_list":{"0":"post-252","1":"product","2":"type-product","3":"status-publish","4":"has-post-thumbnail","6":"product_cat-lady-clothing","8":"first","9":"instock","10":"shipping-taxable","11":"product-type-simple"},"_links":{"self":[{"href":"https:\/\/xxyapparel.com\/fr\/wp-json\/wp\/v2\/product\/252","targetHints":{"allow":["GET"]}}],"collection":[{"href":"https:\/\/xxyapparel.com\/fr\/wp-json\/wp\/v2\/product"}],"about":[{"href":"https:\/\/xxyapparel.com\/fr\/wp-json\/wp\/v2\/types\/product"}],"replies":[{"embeddable":true,"href":"https:\/\/xxyapparel.com\/fr\/wp-json\/wp\/v2\/comments?post=252"}],"wp:featuredmedia":[{"embeddable":true,"href":"https:\/\/xxyapparel.com\/fr\/wp-json\/wp\/v2\/media\/2095"}],"wp:attachment":[{"href":"https:\/\/xxyapparel.com\/fr\/wp-json\/wp\/v2\/media?parent=252"}],"wp:term":[{"taxonomy":"product_brand","embeddable":true,"href":"https:\/\/xxyapparel.com\/fr\/wp-json\/wp\/v2\/product_brand?post=252"},{"taxonomy":"product_cat","embeddable":true,"href":"https:\/\/xxyapparel.com\/fr\/wp-json\/wp\/v2\/product_cat?post=252"},{"taxonomy":"product_tag","embeddable":true,"href":"https:\/\/xxyapparel.com\/fr\/wp-json\/wp\/v2\/product_tag?post=252"}],"curies":[{"name":"wp","href":"https:\/\/api.w.org\/{rel}","templated":true}]}}