{"id":248,"date":"2025-11-12T03:26:12","date_gmt":"2025-11-12T03:26:12","guid":{"rendered":"https:\/\/xxyapparel.com\/?post_type=product&#038;p=248"},"modified":"2025-12-08T07:44:05","modified_gmt":"2025-12-08T07:44:05","slug":"womens-three-piece-pajama-set","status":"publish","type":"product","link":"https:\/\/xxyapparel.com\/fr\/product\/womens-three-piece-pajama-set\/","title":{"rendered":"Ensemble de pyjama trois pi\u00e8ces pour femme"},"content":{"rendered":"<h3 data-start=\"75\" data-end=\"142\">Ensemble pyjama trois pi\u00e8ces pour femme \u2013 Confortable, \u00e9l\u00e9gant et polyvalent<\/h3>\n<p data-start=\"144\" data-end=\"375\">D\u00e9tendez-vous \u00e0 la maison avec confort et style gr\u00e2ce \u00e0 cet ensemble pyjama trois pi\u00e8ces pour femme, con\u00e7u pour vous offrir chaleur, douceur et une allure harmonieuse. Sa conception trois pi\u00e8ces le rend polyvalent pour se pr\u00e9lasser, dormir ou simplement se sentir bien \u00e0 la maison.<\/p>\n<h4 data-start=\"377\" data-end=\"412\">Tissu c\u00f4tel\u00e9 doux aiguillet\u00e9<\/h4>\n<p data-start=\"413\" data-end=\"596\">Confectionn\u00e9 en maille c\u00f4tel\u00e9e aiguillet\u00e9e de 200 g, ce tissu est doux, respirant et l\u00e9g\u00e8rement extensible. Il \u00e9pouse les mouvements du corps avec aisance, offrant confort et tenue impeccable.<\/p>\n<h4 data-start=\"598\" data-end=\"634\">Couleurs et motifs coordonn\u00e9s<\/h4>\n<p data-start=\"635\" data-end=\"855\">Cet ensemble se compose d&#039;une pi\u00e8ce unie rose et d&#039;un imprim\u00e9 rose, pour un style doux et f\u00e9minin. L&#039;association de pi\u00e8ces unies et \u00e0 motifs apporte une touche \u00e0 la fois ludique et \u00e9l\u00e9gante \u00e0 votre collection de v\u00eatements d&#039;int\u00e9rieur.<\/p>\n<h4 data-start=\"857\" data-end=\"897\">Coupe confortable pour un usage quotidien<\/h4>\n<p data-start=\"898\" data-end=\"1087\">Disponible en tailles S, M, L et XL, cet ensemble offre une coupe d\u00e9contract\u00e9e qui met en valeur diff\u00e9rentes morphologies. Son tissu c\u00f4tel\u00e9 l\u00e9ger assure une grande libert\u00e9 de mouvement et un confort optimal tout au long de la journ\u00e9e.<\/p>\n<h4 data-start=\"1089\" data-end=\"1120\">Parfait pour le confort de la maison<\/h4>\n<ul data-start=\"1121\" data-end=\"1224\">\n<li data-start=\"1121\" data-end=\"1154\">\n<p data-start=\"1123\" data-end=\"1154\">Des nuits paisibles et un sommeil r\u00e9parateur<\/p>\n<\/li>\n<li data-start=\"1155\" data-end=\"1196\">\n<p data-start=\"1157\" data-end=\"1196\">Matin\u00e9es d\u00e9tendues et farniente le week-end<\/p>\n<\/li>\n<li data-start=\"1197\" data-end=\"1224\">\n<p data-start=\"1199\" data-end=\"1224\">Activit\u00e9s l\u00e9g\u00e8res en int\u00e9rieur<\/p>\n<\/li>\n<\/ul>\n<p data-start=\"1226\" data-end=\"1375\" data-is-last-node=\"\" data-is-only-node=\"\">L&#039;ensemble pyjama trois pi\u00e8ces pour femme allie douceur, chaleur et style, ce qui en fait un choix essentiel pour une d\u00e9tente confortable et chic \u00e0 la maison.<\/p>","protected":false},"excerpt":{"rendered":"<p>Couleur : Rose uni + motif imprim\u00e9 rose<\/p>\n<p>Tailles : S\/M\/L\/XL<\/p>\n<p>Tissu\u00a0: c\u00f4tes aiguillet\u00e9es, 200\u00a0g<\/p>\n<p>Un ensemble romantique trois pi\u00e8ces rose, envelopp\u00e9 dans un tissu c\u00f4tel\u00e9 aiguillet\u00e9 doux et chaud de 200 g, insuffle \u00e9l\u00e9gance et d\u00e9tente \u00e0 la vie urbaine tr\u00e9pidante, vous permettant de profiter d&#039;un style raffin\u00e9 \u00e0 la maison.<\/p>","protected":false},"featured_media":2114,"comment_status":"open","ping_status":"closed","template":"","meta":[],"product_brand":[],"product_cat":[22],"product_tag":[],"class_list":{"0":"post-248","1":"product","2":"type-product","3":"status-publish","4":"has-post-thumbnail","6":"product_cat-comfortable-home-clothes","8":"first","9":"instock","10":"shipping-taxable","11":"product-type-simple"},"_links":{"self":[{"href":"https:\/\/xxyapparel.com\/fr\/wp-json\/wp\/v2\/product\/248","targetHints":{"allow":["GET"]}}],"collection":[{"href":"https:\/\/xxyapparel.com\/fr\/wp-json\/wp\/v2\/product"}],"about":[{"href":"https:\/\/xxyapparel.com\/fr\/wp-json\/wp\/v2\/types\/product"}],"replies":[{"embeddable":true,"href":"https:\/\/xxyapparel.com\/fr\/wp-json\/wp\/v2\/comments?post=248"}],"wp:featuredmedia":[{"embeddable":true,"href":"https:\/\/xxyapparel.com\/fr\/wp-json\/wp\/v2\/media\/2114"}],"wp:attachment":[{"href":"https:\/\/xxyapparel.com\/fr\/wp-json\/wp\/v2\/media?parent=248"}],"wp:term":[{"taxonomy":"product_brand","embeddable":true,"href":"https:\/\/xxyapparel.com\/fr\/wp-json\/wp\/v2\/product_brand?post=248"},{"taxonomy":"product_cat","embeddable":true,"href":"https:\/\/xxyapparel.com\/fr\/wp-json\/wp\/v2\/product_cat?post=248"},{"taxonomy":"product_tag","embeddable":true,"href":"https:\/\/xxyapparel.com\/fr\/wp-json\/wp\/v2\/product_tag?post=248"}],"curies":[{"name":"wp","href":"https:\/\/api.w.org\/{rel}","templated":true}]}}