{"id":244,"date":"2025-11-12T03:18:12","date_gmt":"2025-11-12T03:18:12","guid":{"rendered":"https:\/\/xxyapparel.com\/?post_type=product&#038;p=244"},"modified":"2025-12-08T07:37:05","modified_gmt":"2025-12-08T07:37:05","slug":"unisex-coral-fleece-pajamas","status":"publish","type":"product","link":"https:\/\/xxyapparel.com\/fr\/product\/unisex-coral-fleece-pajamas\/","title":{"rendered":"Pyjama unisexe en polaire corail"},"content":{"rendered":"<h3 data-start=\"72\" data-end=\"135\">Pyjama unisexe en polaire corail \u2013 Chaud, doux et confortable<\/h3>\n<p data-start=\"137\" data-end=\"342\">Passez des nuits douces et des matins paisibles avec le pyjama unisexe en polaire corail, con\u00e7u pour le confort et la chaleur, id\u00e9al au quotidien. Son tissu doux et sa coupe polyvalente conviennent \u00e0 tous.<\/p>\n<h4 data-start=\"344\" data-end=\"372\">Tissu doux et moelleux<\/h4>\n<p data-start=\"373\" data-end=\"551\">Confectionn\u00e9e en polaire corail c\u00f4tel\u00e9e aiguillet\u00e9e de 200 g, cette mati\u00e8re est chaude, douce et l\u00e9g\u00e8rement extensible. Elle offre un confort optimal pour dormir ou se d\u00e9tendre sans \u00eatre encombrante.<\/p>\n<h4 data-start=\"553\" data-end=\"585\">Combinaison de couleurs \u00e9l\u00e9gante<\/h4>\n<p data-start=\"586\" data-end=\"736\">Ce pyjama arbore une couleur rose unie associ\u00e9e \u00e0 un motif imprim\u00e9 rose, offrant un look \u00e0 la fois ludique et confortable, convenant aussi bien aux adultes qu&#039;aux adolescents.<\/p>\n<h4 data-start=\"738\" data-end=\"772\">Coupe d\u00e9contract\u00e9e et confortable<\/h4>\n<p data-start=\"773\" data-end=\"944\">Disponible en tailles S, M, L et XL, cet ensemble est con\u00e7u pour une coupe d\u00e9contract\u00e9e offrant une grande libert\u00e9 de mouvement. Id\u00e9al pour s&#039;\u00e9tirer, dormir ou pour des activit\u00e9s d&#039;int\u00e9rieur d\u00e9contract\u00e9es.<\/p>\n<h4 data-start=\"946\" data-end=\"979\">Id\u00e9al pour un confort quotidien<\/h4>\n<ul data-start=\"980\" data-end=\"1086\">\n<li data-start=\"980\" data-end=\"1007\">\n<p data-start=\"982\" data-end=\"1007\">Des nuits chaudes et reposantes<\/p>\n<\/li>\n<li data-start=\"1008\" data-end=\"1036\">\n<p data-start=\"1010\" data-end=\"1036\">Des matins paisibles \u00e0 la maison<\/p>\n<\/li>\n<li data-start=\"1037\" data-end=\"1086\">\n<p data-start=\"1039\" data-end=\"1086\">Se d\u00e9tendre, lire ou faire des activit\u00e9s l\u00e9g\u00e8res \u00e0 l&#039;int\u00e9rieur<\/p>\n<\/li>\n<\/ul>\n<p data-start=\"1088\" data-end=\"1228\" data-is-last-node=\"\" data-is-only-node=\"\">Le pyjama unisexe en polaire corail allie douceur, chaleur et polyvalence\u00a0: un ajout essentiel \u00e0 toute garde-robe confortable pour la maison.<\/p>","protected":false},"excerpt":{"rendered":"<p>Couleur : Flocons de neige gris, lettrage rose<\/p>\n<p>Tailles : S\/M\/L\/XL<\/p>\n<p>Tissu\u00a0: Polaire corail 100%, 230\u00a0g\/m\u00b2 polyester<\/p>\n<p>Ce peignoir unisexe est confectionn\u00e9 en polaire corail 230 g (polyester 100%) et se d\u00e9cline en deux motifs\u00a0: flocons de neige gris et inscription rose. Disponible des tailles S \u00e0 XL. Douce et moelleuse, la polaire offre chaleur et confort.<\/p>","protected":false},"featured_media":2111,"comment_status":"open","ping_status":"closed","template":"","meta":[],"product_brand":[],"product_cat":[22],"product_tag":[],"class_list":{"0":"post-244","1":"product","2":"type-product","3":"status-publish","4":"has-post-thumbnail","6":"product_cat-comfortable-home-clothes","8":"first","9":"instock","10":"shipping-taxable","11":"product-type-simple"},"_links":{"self":[{"href":"https:\/\/xxyapparel.com\/fr\/wp-json\/wp\/v2\/product\/244","targetHints":{"allow":["GET"]}}],"collection":[{"href":"https:\/\/xxyapparel.com\/fr\/wp-json\/wp\/v2\/product"}],"about":[{"href":"https:\/\/xxyapparel.com\/fr\/wp-json\/wp\/v2\/types\/product"}],"replies":[{"embeddable":true,"href":"https:\/\/xxyapparel.com\/fr\/wp-json\/wp\/v2\/comments?post=244"}],"wp:featuredmedia":[{"embeddable":true,"href":"https:\/\/xxyapparel.com\/fr\/wp-json\/wp\/v2\/media\/2111"}],"wp:attachment":[{"href":"https:\/\/xxyapparel.com\/fr\/wp-json\/wp\/v2\/media?parent=244"}],"wp:term":[{"taxonomy":"product_brand","embeddable":true,"href":"https:\/\/xxyapparel.com\/fr\/wp-json\/wp\/v2\/product_brand?post=244"},{"taxonomy":"product_cat","embeddable":true,"href":"https:\/\/xxyapparel.com\/fr\/wp-json\/wp\/v2\/product_cat?post=244"},{"taxonomy":"product_tag","embeddable":true,"href":"https:\/\/xxyapparel.com\/fr\/wp-json\/wp\/v2\/product_tag?post=244"}],"curies":[{"name":"wp","href":"https:\/\/api.w.org\/{rel}","templated":true}]}}