{"id":2219,"date":"2026-03-23T04:28:33","date_gmt":"2026-03-23T04:28:33","guid":{"rendered":"https:\/\/xxyapparel.com\/?post_type=product&#038;p=2219"},"modified":"2026-04-14T08:08:53","modified_gmt":"2026-04-14T08:08:53","slug":"womens-sportswear-oem-manufacturing","status":"publish","type":"product","link":"https:\/\/xxyapparel.com\/fr\/product\/womens-sportswear-oem-manufacturing\/","title":{"rendered":"Fabrication OEM de v\u00eatements de sport pour femmes"},"content":{"rendered":"<h3 data-section-id=\"mhwjd5\" data-start=\"142\" data-end=\"194\">Fabrication OEM de v\u00eatements de sport pour femmes d'\u00e9t\u00e9<\/h3>\n<p data-start=\"195\" data-end=\"252\"><strong data-start=\"195\" data-end=\"252\">Respirable \u2022 Loose Fit \u2022 Activewear tout-corps<\/strong><\/p>\n<p data-start=\"254\" data-end=\"486\">Restez cool, confortable et confiant \u00e0 chaque entra\u00eenement avec cet ensemble de sport \u00e0 s\u00e9chage rapide pr\u00eat pour l'\u00e9t\u00e9 Con\u00e7u pour tous les types de corps, cette tenue ample offre l'\u00e9quilibre parfait entre performance, style et polyvalence quotidienne.<\/p>\n<h4 data-section-id=\"1ghrlxx\" data-start=\"493\" data-end=\"526\">Conception \u00e9l\u00e9gante et fonctionnelle<\/h4>\n<p data-start=\"527\" data-end=\"704\">Cet ensemble de v\u00eatements de sport pr\u00e9sente une silhouette moderne ample qui flatte chaque forme et taille Que vous pr\u00e9f\u00e9riez un look d\u00e9contract\u00e9 ou sportif, il s'adapte sans effort \u00e0 votre style.<\/p>\n<ul data-start=\"706\" data-end=\"898\">\n<li data-section-id=\"gpzony\" data-start=\"780\" data-end=\"834\">Tissu l\u00e9ger et respirant pour un d\u00e9bit d'air maximal<\/li>\n<li data-section-id=\"63nwb4\" data-start=\"835\" data-end=\"898\">Mat\u00e9riau doux au toucher qui se sent \u00e0 l'aise contre la peau<\/li>\n<\/ul>\n<p data-start=\"900\" data-end=\"1082\">Le short taille haute offre une couverture suppl\u00e9mentaire et un ajustement s\u00e9curis\u00e9, vous aidant \u00e0 vous d\u00e9placer en toute confiance Les poches lat\u00e9rales offrent un rangement pratique pour les petits essentiels comme les cl\u00e9s ou votre t\u00e9l\u00e9phone.<\/p>\n<h4 data-section-id=\"1puv4cc\" data-start=\"1089\" data-end=\"1126\">Performances avanc\u00e9es \u00e0 s\u00e9chage rapide<\/h4>\n<p data-start=\"1127\" data-end=\"1275\">Con\u00e7u avec un tissu \u00e0 haute performance qui \u00e9vacue le tissu, cet ensemble garde la sueur sous contr\u00f4le afin que vous restiez au sec et frais m\u00eame pendant les entra\u00eenements intenses.<\/p>\n<ul data-start=\"1277\" data-end=\"1441\">\n<li data-section-id=\"5gn6j\" data-start=\"1277\" data-end=\"1323\">\u00c9vaporation rapide de la sueur pour un confort toute la journ\u00e9e<\/li>\n<li data-section-id=\"l0m7x\" data-start=\"1324\" data-end=\"1382\">Excellente absorption d'humidit\u00e9 pour \u00e9viter le tissu collant<\/li>\n<li data-section-id=\"1qvqai2\" data-start=\"1383\" data-end=\"1441\">Aide \u00e0 r\u00e9duire les odeurs et \u00e0 maintenir l'hygi\u00e8ne pendant l'exercice<\/li>\n<\/ul>\n<p data-start=\"1443\" data-end=\"1521\">Que vous couriez, que vous vous \u00e9tiriez ou que vous vous entra\u00eeniez, vous resterez cool et concentr\u00e9.<\/p>\n<h4 data-section-id=\"z4ic23\" data-start=\"1528\" data-end=\"1563\">Flexible et favorable aux mouvements<\/h4>\n<p data-start=\"1564\" data-end=\"1645\">Construite avec un tissu extensible, cette tenue se d\u00e9place avec votre corps contre.<\/p>\n<ul data-start=\"1647\" data-end=\"1797\">\n<li data-section-id=\"100v6c9\" data-start=\"1647\" data-end=\"1692\">Haute \u00e9lasticit\u00e9 pour un mouvement sans restriction<\/li>\n<li data-section-id=\"rbrd3w\" data-start=\"1693\" data-end=\"1744\">Id\u00e9al pour le yoga, la course, les entra\u00eenements de gym, et plus encore<\/li>\n<li data-section-id=\"euryjz\" data-start=\"1745\" data-end=\"1797\">Pas de tiraillement ni de traction lors d'exercices dynamiques<\/li>\n<\/ul>\n<p data-start=\"1799\" data-end=\"1875\">Des \u00e9tirements profonds de yoga aux courses \u00e0 haute \u00e9nergie, profitez d'une totale libert\u00e9 de mouvement.<\/p>\n<h3 data-section-id=\"u6qkgf\" data-start=\"1882\" data-end=\"1913\">Parfait pour n'importe quelle occasion<\/h3>\n<p data-start=\"1914\" data-end=\"1984\">Cet ensemble polyvalent est con\u00e7u pour les activit\u00e9s int\u00e9rieures et ext\u00e9rieures.<\/p>\n<ul data-start=\"1986\" data-end=\"2150\">\n<li data-section-id=\"1ph368i\" data-start=\"1986\" data-end=\"2044\">Id\u00e9al pour le jogging, le yoga, les s\u00e9ances de gym et les v\u00eatements d\u00e9contract\u00e9s<\/li>\n<li data-section-id=\"yw8uky\" data-start=\"2045\" data-end=\"2088\">L\u00e9ger et facile \u00e0 emballer pour voyager<\/li>\n<li data-section-id=\"x2hiat\" data-start=\"2089\" data-end=\"2150\">Convient aux v\u00eatements quotidiens, aux loisirs sportifs ou aux modes de vie actifs<\/li>\n<\/ul>\n<p data-start=\"2152\" data-end=\"2258\">La taille inclusive garantit un ajustement confortable et flatteur pour tous les types de corps, y compris les porteurs de grande taille.<\/p>\n<h4 data-section-id=\"1sxx50\" data-start=\"2265\" data-end=\"2290\">Pourquoi tu vas l'aimer<\/h4>\n<ul data-start=\"2291\" data-end=\"2483\">\n<li data-section-id=\"bfw1nz\" data-start=\"2291\" data-end=\"2339\">Respirable &amp; \u00e0 s\u00e9chage rapide pour le confort estival<\/li>\n<li data-section-id=\"zwfgnn\" data-start=\"2340\" data-end=\"2379\">Coupe flatteuse et ample pour toutes les formes<\/li>\n<li data-section-id=\"12f4ucy\" data-start=\"2380\" data-end=\"2427\">Design fonctionnel avec poches &amp; taille haute<\/li>\n<li data-section-id=\"1dw7f1b\" data-start=\"2428\" data-end=\"2483\">Assez \u00e9l\u00e9gant pour les entra\u00eenements et les sorties occasionnelles<\/li>\n<\/ul>\n<p data-start=\"2490\" data-end=\"2683\" data-is-last-node=\"\" data-is-only-node=\"\">Am\u00e9liorez votre collection de v\u00eatements de sport avec cet ensemble d'\u00e9t\u00e9 incontournable et profitez de chaque mouvement dans le confort et le style Ajoutez-le \u00e0 votre panier d\u00e8s aujourd'hui et commencez votre style de vie actif en toute confiance !<\/p>\n<h4 data-section-id=\"1dqbs77\" data-start=\"99\" data-end=\"125\">Produit Sp\u00e9cifications<\/h4>\n<div class=\"TyagGW_tableContainer\">\n<div class=\"group TyagGW_tableWrapper flex flex-col-reverse w-fit\" tabindex=\"-1\">\n<table class=\"w-fit min-w-(--thread-content-width)\" data-start=\"127\" data-end=\"1081\">\n<thead data-start=\"127\" data-end=\"230\">\n<tr data-start=\"127\" data-end=\"230\">\n<th class=\"\" data-start=\"127\" data-end=\"151\" data-col-size=\"sm\"><strong data-start=\"129\" data-end=\"137\">Article<\/strong><\/th>\n<th class=\"\" data-start=\"151\" data-end=\"230\" data-col-size=\"lg\"><strong data-start=\"153\" data-end=\"164\">D\u00e9tails<\/strong><\/th>\n<\/tr>\n<\/thead>\n<tbody data-start=\"334\" data-end=\"1081\">\n<tr data-start=\"334\" data-end=\"436\">\n<td data-start=\"334\" data-end=\"357\" data-col-size=\"sm\"><strong data-start=\"336\" data-end=\"352\">Nom du produit<\/strong><\/td>\n<td data-col-size=\"lg\" data-start=\"357\" data-end=\"436\">Ensemble de v\u00eatements de sport deux pi\u00e8ces d'\u00e9t\u00e9 pour femmes<\/td>\n<\/tr>\n<tr data-start=\"437\" data-end=\"539\">\n<td data-start=\"437\" data-end=\"460\" data-col-size=\"sm\"><strong data-start=\"439\" data-end=\"449\">Conception<\/strong><\/td>\n<td data-col-size=\"lg\" data-start=\"460\" data-end=\"539\">OEM &amp; ODM Commandes Bienvenue<\/td>\n<\/tr>\n<tr data-start=\"540\" data-end=\"642\">\n<td data-start=\"540\" data-end=\"563\" data-col-size=\"sm\"><strong data-start=\"542\" data-end=\"551\">Couleur<\/strong><\/td>\n<td data-col-size=\"lg\" data-start=\"563\" data-end=\"642\">Comme indiqu\u00e9 dans les images ou personnalisable<\/td>\n<\/tr>\n<tr data-start=\"643\" data-end=\"745\">\n<td data-start=\"643\" data-end=\"666\" data-col-size=\"sm\"><strong data-start=\"645\" data-end=\"654\">Tailles<\/strong><\/td>\n<td data-col-size=\"lg\" data-start=\"666\" data-end=\"745\">XS, S, M, L, XL, ou personnalisable<\/td>\n<\/tr>\n<tr data-start=\"746\" data-end=\"848\">\n<td data-start=\"746\" data-end=\"769\" data-col-size=\"sm\"><strong data-start=\"748\" data-end=\"758\">Tissu<\/strong><\/td>\n<td data-col-size=\"lg\" data-start=\"769\" data-end=\"848\">Soie de lait (polyester 95%, \u00e9lasthanne 5%), 160g<\/td>\n<\/tr>\n<tr data-start=\"849\" data-end=\"978\">\n<td data-start=\"849\" data-end=\"872\" data-col-size=\"sm\"><strong data-start=\"851\" data-end=\"863\">Caract\u00e9ristiques<\/strong><\/td>\n<td data-start=\"872\" data-end=\"978\" data-col-size=\"lg\">Humidit\u00e9, s\u00e9chage rapide, anti-accroupissement, non transparent, l\u00e9ger, respirant, haute \u00e9lasticit\u00e9<\/td>\n<\/tr>\n<tr data-start=\"979\" data-end=\"1081\">\n<td data-start=\"979\" data-end=\"1002\" data-col-size=\"sm\"><strong data-start=\"981\" data-end=\"1002\">Sc\u00e8nes applicables<\/strong><\/td>\n<td data-col-size=\"lg\" data-start=\"1002\" data-end=\"1081\">Sports, yoga, gym, course \u00e0 pied, fitness, entra\u00eenements<\/td>\n<\/tr>\n<\/tbody>\n<\/table>\n<\/div>\n<\/div>","protected":false},"excerpt":{"rendered":"<p>Design: OEM and ODM<\/p>\n<p>Color: As shown in the image, or customizable<\/p>\n<p>Sizes: XS, S, M, L, XL, or Customizable<\/p>\n<p>Fabric: Milk Silk (95\/5) \u2014 160g<\/p>","protected":false},"featured_media":2305,"comment_status":"open","ping_status":"closed","template":"","meta":[],"product_brand":[],"product_cat":[23],"product_tag":[],"class_list":{"0":"post-2219","1":"product","2":"type-product","3":"status-publish","4":"has-post-thumbnail","6":"product_cat-lady-clothing","8":"first","9":"instock","10":"shipping-taxable","11":"product-type-simple"},"_links":{"self":[{"href":"https:\/\/xxyapparel.com\/fr\/wp-json\/wp\/v2\/product\/2219","targetHints":{"allow":["GET"]}}],"collection":[{"href":"https:\/\/xxyapparel.com\/fr\/wp-json\/wp\/v2\/product"}],"about":[{"href":"https:\/\/xxyapparel.com\/fr\/wp-json\/wp\/v2\/types\/product"}],"replies":[{"embeddable":true,"href":"https:\/\/xxyapparel.com\/fr\/wp-json\/wp\/v2\/comments?post=2219"}],"wp:featuredmedia":[{"embeddable":true,"href":"https:\/\/xxyapparel.com\/fr\/wp-json\/wp\/v2\/media\/2305"}],"wp:attachment":[{"href":"https:\/\/xxyapparel.com\/fr\/wp-json\/wp\/v2\/media?parent=2219"}],"wp:term":[{"taxonomy":"product_brand","embeddable":true,"href":"https:\/\/xxyapparel.com\/fr\/wp-json\/wp\/v2\/product_brand?post=2219"},{"taxonomy":"product_cat","embeddable":true,"href":"https:\/\/xxyapparel.com\/fr\/wp-json\/wp\/v2\/product_cat?post=2219"},{"taxonomy":"product_tag","embeddable":true,"href":"https:\/\/xxyapparel.com\/fr\/wp-json\/wp\/v2\/product_tag?post=2219"}],"curies":[{"name":"wp","href":"https:\/\/api.w.org\/{rel}","templated":true}]}}