{"id":1937,"date":"2025-11-25T01:32:40","date_gmt":"2025-11-25T01:32:40","guid":{"rendered":"https:\/\/xxyapparel.com\/?post_type=product&#038;p=1937"},"modified":"2026-04-15T08:10:52","modified_gmt":"2026-04-15T08:10:52","slug":"custom-womens-polka-dot-print-shirt","status":"publish","type":"product","link":"https:\/\/xxyapparel.com\/fr\/product\/custom-womens-polka-dot-print-shirt\/","title":{"rendered":"Chemise \u00e0 imprim\u00e9 pois pour femme personnalis\u00e9e"},"content":{"rendered":"<h3 data-start=\"47\" data-end=\"114\">Fabricant de chemises \u00e0 imprim\u00e9 pois pour femmes personnalis\u00e9es et fournisseur de chemisiers OEM<\/h3>\n<p data-start=\"209\" data-end=\"501\">Cette chemise femme personnalis\u00e9e \u00e0 imprim\u00e9 pois est con\u00e7ue pour les marques de mode et les grossistes \u00e0 la recherche de chemisiers \u00e9l\u00e9gants et de haute qualit\u00e9 avec des solutions flexibles OEM\/ODM. Avec plusieurs options de couleurs, un dimensionnement personnalisable et un tissu confortable, elle est id\u00e9ale pour les collections de marques priv\u00e9es et les commandes group\u00e9es.<\/p>\n<h3 data-section-id=\"o4da8r\" data-start=\"524\" data-end=\"582\">\u2714 Conception classique \u00e0 pois pour les collections polyvalentes<\/h3>\n<p data-start=\"583\" data-end=\"683\">Impression intemporelle \u00e0 pois adapt\u00e9e aux v\u00eatements d\u00e9contract\u00e9s, aux collections de boutiques et aux lignes de mode saisonni\u00e8res.<\/p>\n<h3 data-section-id=\"oqsd9r\" data-start=\"685\" data-end=\"715\">\u2714 Options de couleurs multiples<\/h3>\n<p data-start=\"716\" data-end=\"729\">Disponible dans:<\/p>\n<ul data-start=\"730\" data-end=\"809\">\n<li data-section-id=\"31ey8k\" data-start=\"730\" data-end=\"738\">Rose<\/li>\n<li data-section-id=\"1tz1ot\" data-start=\"739\" data-end=\"754\">Vert clair<\/li>\n<li data-section-id=\"14plkia\" data-start=\"755\" data-end=\"771\">Jaune clair<\/li>\n<li data-section-id=\"7km2y7\" data-start=\"772\" data-end=\"781\">Blanc<\/li>\n<li data-section-id=\"t1o04b\" data-start=\"782\" data-end=\"809\">Couleurs personnalis\u00e9es prises en charge<\/li>\n<\/ul>\n<h3 data-section-id=\"i5853i\" data-start=\"811\" data-end=\"850\">\u2714 Gamme de tailles compl\u00e8tes et taille personnalis\u00e9e<\/h3>\n<p data-start=\"851\" data-end=\"866\">Tailles standard :<\/p>\n<ul data-start=\"867\" data-end=\"943\">\n<li data-section-id=\"mhbd3t\" data-start=\"867\" data-end=\"943\">S \/M \/L \/XL<br data-start=\"883\" data-end=\"886\" \/>Dimensionnement personnalis\u00e9 disponible en fonction des exigences de votre marque.<\/li>\n<\/ul>\n<h3 data-section-id=\"12ct1c4\" data-start=\"945\" data-end=\"981\">\u2714 Tissu confortable et durable<\/h3>\n<p data-start=\"982\" data-end=\"1035\">Fabriqu\u00e9 \u00e0 partir de <strong data-start=\"992\" data-end=\"1024\">40% coton et 60% polyester<\/strong>, offre:<\/p>\n<ul data-start=\"1036\" data-end=\"1123\">\n<li data-section-id=\"dgnkdf\" data-start=\"1036\" data-end=\"1050\">Toucher doux<\/li>\n<li data-section-id=\"dbjhj6\" data-start=\"1051\" data-end=\"1068\">respirabilit\u00e9<\/li>\n<li data-section-id=\"zd4yrv\" data-start=\"1069\" data-end=\"1091\">R\u00e9sistance aux rides<\/li>\n<li data-section-id=\"jdz4ds\" data-start=\"1092\" data-end=\"1123\">Soins faciles pour les clients finaux<\/li>\n<\/ul>\n<h3 data-section-id=\"1rs8ry6\" data-start=\"1125\" data-end=\"1166\">\u2714 OEM\/ODM et support de marque priv\u00e9e<\/h3>\n<ul data-start=\"1167\" data-end=\"1284\">\n<li data-section-id=\"1doksvu\" data-start=\"1167\" data-end=\"1208\">Logo personnalis\u00e9 (\u00e9tiquette \/\u00e9tiquette \/emballage)<\/li>\n<li data-section-id=\"1pfnidg\" data-start=\"1209\" data-end=\"1235\">Impression et motif personnalis\u00e9s<\/li>\n<li data-section-id=\"1oeaavc\" data-start=\"1236\" data-end=\"1260\">Personnalisation du tissu<\/li>\n<li data-section-id=\"1xm9ri5\" data-start=\"1261\" data-end=\"1284\">Solutions d'emballage<\/li>\n<\/ul>\n<p>En tant que professionnel <strong data-start=\"1962\" data-end=\"2015\">fabricant de chemises \u00e0 imprim\u00e9 pois pour femme personnalis\u00e9es<\/strong>, [traduction], nous sommes sp\u00e9cialis\u00e9s dans la production de chemisiers OEM\/ODM pour les marques mondiales Que vous lanciez une nouvelle collection ou que vous mettiez \u00e0 l'\u00e9chelle votre entreprise, nous fournissons des solutions flexibles, un faible MOQ et une qualit\u00e9 constante.<\/p>","protected":false},"excerpt":{"rendered":"<article class=\"4ever-article\"><span data-type=\"text\">Couleurs : rose, vert clair, jaune clair, blanc ou personnalis\u00e9<br \/>\n<\/span><span data-type=\"text\">Tailles : S\/M\/L\/XL, ou personnalis\u00e9<br \/>\n<\/span><span data-type=\"text\">Tissu : 401TP3 T Coton, 60% Polyester<br \/>\n<\/span><span data-type=\"text\">This women&#8217;s polka dot print shirt is available in multiple colors, including pink, light green, light yellow, and white, and comes in a full range of sizes. It is made from a comfortable fabric of 40% cotton and 60% polyester.<\/span><\/article>","protected":false},"featured_media":1938,"comment_status":"open","ping_status":"closed","template":"","meta":[],"product_brand":[],"product_cat":[23],"product_tag":[],"class_list":{"0":"post-1937","1":"product","2":"type-product","3":"status-publish","4":"has-post-thumbnail","6":"product_cat-lady-clothing","8":"first","9":"instock","10":"shipping-taxable","11":"product-type-simple"},"_links":{"self":[{"href":"https:\/\/xxyapparel.com\/fr\/wp-json\/wp\/v2\/product\/1937","targetHints":{"allow":["GET"]}}],"collection":[{"href":"https:\/\/xxyapparel.com\/fr\/wp-json\/wp\/v2\/product"}],"about":[{"href":"https:\/\/xxyapparel.com\/fr\/wp-json\/wp\/v2\/types\/product"}],"replies":[{"embeddable":true,"href":"https:\/\/xxyapparel.com\/fr\/wp-json\/wp\/v2\/comments?post=1937"}],"wp:featuredmedia":[{"embeddable":true,"href":"https:\/\/xxyapparel.com\/fr\/wp-json\/wp\/v2\/media\/1938"}],"wp:attachment":[{"href":"https:\/\/xxyapparel.com\/fr\/wp-json\/wp\/v2\/media?parent=1937"}],"wp:term":[{"taxonomy":"product_brand","embeddable":true,"href":"https:\/\/xxyapparel.com\/fr\/wp-json\/wp\/v2\/product_brand?post=1937"},{"taxonomy":"product_cat","embeddable":true,"href":"https:\/\/xxyapparel.com\/fr\/wp-json\/wp\/v2\/product_cat?post=1937"},{"taxonomy":"product_tag","embeddable":true,"href":"https:\/\/xxyapparel.com\/fr\/wp-json\/wp\/v2\/product_tag?post=1937"}],"curies":[{"name":"wp","href":"https:\/\/api.w.org\/{rel}","templated":true}]}}