{"id":415,"date":"2025-11-13T05:45:09","date_gmt":"2025-11-13T05:45:09","guid":{"rendered":"https:\/\/xxyapparel.com\/?page_id=415"},"modified":"2025-11-21T00:49:37","modified_gmt":"2025-11-21T00:49:37","slug":"shipping-policy","status":"publish","type":"page","link":"https:\/\/xxyapparel.com\/fr\/shipping-policy\/","title":{"rendered":"Politique d&#039;exp\u00e9dition"},"content":{"rendered":"<div data-elementor-type=\"wp-page\" data-elementor-id=\"415\" class=\"elementor elementor-415\" data-elementor-post-type=\"page\">\n\t\t\t\t<div class=\"elementor-element elementor-element-c21f0fa e-flex e-con-boxed e-con e-parent\" data-id=\"c21f0fa\" data-element_type=\"container\" data-e-type=\"container\" data-settings=\"{&quot;background_background&quot;:&quot;classic&quot;}\">\n\t\t\t\t\t<div class=\"e-con-inner\">\n\t\t\t\t<div class=\"elementor-element elementor-element-b4b4d2b elementor-widget elementor-widget-heading\" data-id=\"b4b4d2b\" data-element_type=\"widget\" data-e-type=\"widget\" data-widget_type=\"heading.default\">\n\t\t\t\t<div class=\"elementor-widget-container\">\n\t\t\t\t\t<h2 class=\"elementor-heading-title elementor-size-default\">Politique d&#039;exp\u00e9dition<\/h2>\t\t\t\t<\/div>\n\t\t\t\t<\/div>\n\t\t\t\t<div class=\"elementor-element elementor-element-36b86c8 elementor-icon-list--layout-inline elementor-list-item-link-full_width elementor-widget elementor-widget-icon-list\" data-id=\"36b86c8\" data-element_type=\"widget\" data-e-type=\"widget\" data-widget_type=\"icon-list.default\">\n\t\t\t\t<div class=\"elementor-widget-container\">\n\t\t\t\t\t\t\t<ul class=\"elementor-icon-list-items elementor-inline-items\">\n\t\t\t\t\t\t\t<li class=\"elementor-icon-list-item elementor-inline-item\">\n\t\t\t\t\t\t\t\t\t\t\t<a href=\"https:\/\/xxyapparel.com\/fr\/\">\n\n\t\t\t\t\t\t\t\t\t\t\t\t<span class=\"elementor-icon-list-icon\">\n\t\t\t\t\t\t\t<svg aria-hidden=\"true\" class=\"e-font-icon-svg e-fas-home\" viewbox=\"0 0 576 512\" xmlns=\"http:\/\/www.w3.org\/2000\/svg\"><path d=\"M280.37 148.26L96 300.11V464a16 16 0 0 0 16 16l112.06-.29a16 16 0 0 0 15.92-16V368a16 16 0 0 1 16-16h64a16 16 0 0 1 16 16v95.64a16 16 0 0 0 16 16.05L464 480a16 16 0 0 0 16-16V300L295.67 148.26a12.19 12.19 0 0 0-15.3 0zM571.6 251.47L488 182.56V44.05a12 12 0 0 0-12-12h-56a12 12 0 0 0-12 12v72.61L318.47 43a48 48 0 0 0-61 0L4.34 251.47a12 12 0 0 0-1.6 16.9l25.5 31A12 12 0 0 0 45.15 301l235.22-193.74a12.19 12.19 0 0 1 15.3 0L530.9 301a12 12 0 0 0 16.9-1.6l25.5-31a12 12 0 0 0-1.7-16.93z\"><\/path><\/svg>\t\t\t\t\t\t<\/span>\n\t\t\t\t\t\t\t\t\t\t<span class=\"elementor-icon-list-text\">Maison<\/span>\n\t\t\t\t\t\t\t\t\t\t\t<\/a>\n\t\t\t\t\t\t\t\t\t<\/li>\n\t\t\t\t\t\t\t\t<li class=\"elementor-icon-list-item elementor-inline-item\">\n\t\t\t\t\t\t\t\t\t\t\t<span class=\"elementor-icon-list-icon\">\n\t\t\t\t\t\t\t<svg aria-hidden=\"true\" class=\"e-font-icon-svg e-fas-caret-right\" viewbox=\"0 0 192 512\" xmlns=\"http:\/\/www.w3.org\/2000\/svg\"><path d=\"M0 384.662V127.338c0-17.818 21.543-26.741 34.142-14.142l128.662 128.662c7.81 7.81 7.81 20.474 0 28.284L34.142 398.804C21.543 411.404 0 402.48 0 384.662z\"><\/path><\/svg>\t\t\t\t\t\t<\/span>\n\t\t\t\t\t\t\t\t\t\t<span class=\"elementor-icon-list-text\">Politique d&#039;exp\u00e9dition<\/span>\n\t\t\t\t\t\t\t\t\t<\/li>\n\t\t\t\t\t\t<\/ul>\n\t\t\t\t\t\t<\/div>\n\t\t\t\t<\/div>\n\t\t\t\t\t<\/div>\n\t\t\t\t<\/div>\n\t\t<div class=\"elementor-element elementor-element-6f17322 e-flex e-con-boxed e-con e-parent\" data-id=\"6f17322\" data-element_type=\"container\" data-e-type=\"container\">\n\t\t\t\t\t<div class=\"e-con-inner\">\n\t\t\t\t<div class=\"elementor-element elementor-element-6a8bc5e elementor-widget elementor-widget-text-editor\" data-id=\"6a8bc5e\" data-element_type=\"widget\" data-e-type=\"widget\" data-widget_type=\"text-editor.default\">\n\t\t\t\t<div class=\"elementor-widget-container\">\n\t\t\t\t\t\t\t\t\t<p><strong>Qingdao Xiuxinyang International Trade Co., Ltd.<\/strong>, Chez [Nom de l&#039;entreprise], nous nous effor\u00e7ons d&#039;assurer une livraison rapide et efficace de nos produits \u00e0 nos clients. Nous exp\u00e9dions nos produits aussi bien au niveau national qu&#039;international.<\/p><h5>Exp\u00e9dition nationale :<\/h5><p>Nous exp\u00e9dions nos produits en Chine continentale via diff\u00e9rents transporteurs, en fonction du produit et du lieu de r\u00e9sidence du client.<\/p><p>Les frais de livraison nationaux peuvent varier en fonction du poids et de la taille du produit, ainsi que de la destination de livraison.<\/p><p>Le d\u00e9lai de livraison estim\u00e9 pour les envois nationaux est g\u00e9n\u00e9ralement de 3 \u00e0 7 jours ouvrables, selon le transporteur et la destination.<\/p><h5>Exp\u00e9dition internationale :<\/h5><p>Nous exp\u00e9dions nos produits \u00e0 nos clients internationaux via diff\u00e9rents transporteurs, en fonction du produit et du lieu de r\u00e9sidence du client.<\/p><p>Les frais d&#039;exp\u00e9dition internationale peuvent varier en fonction du poids et de la taille du produit, ainsi que de la destination de l&#039;exp\u00e9dition.<\/p><p>Le d\u00e9lai de livraison estim\u00e9 pour les envois internationaux varie selon le transporteur et la destination. Ce d\u00e9lai peut \u00eatre affect\u00e9 par les douanes et d&#039;autres facteurs ind\u00e9pendants de notre volont\u00e9.<\/p><p>Veuillez noter que nous ne sommes pas responsables des droits de douane, taxes ou frais pouvant \u00eatre impos\u00e9s par le pays de destination. Ces frais sont \u00e0 la charge du client.<\/p><p>Si vous avez des questions ou des inqui\u00e9tudes concernant la livraison, n&#039;h\u00e9sitez pas \u00e0 nous contacter \u00e0 l&#039;adresse suivante :<\/p><p><strong><a href=\"mailto:chilingxiu472@gmail.com\">chilingxiu472@gmail.com <\/a><\/strong><\/p>\t\t\t\t\t\t\t\t<\/div>\n\t\t\t\t<\/div>\n\t\t\t\t\t<\/div>\n\t\t\t\t<\/div>\n\t\t\t\t<\/div>","protected":false},"excerpt":{"rendered":"<p>Shipping Policy Home Qingdao Xiuxinyang International Trade Co., Ltd., Ltd.we strive to provide timely and efficient delivery of our products to our customers. We ship our products to customers both domestically and internationally. Domestic Shipping: We ship our products within mainland China via various shipping carriers, depending on the product and the location of the [&hellip;]<\/p>\n","protected":false},"author":1,"featured_media":0,"parent":0,"menu_order":0,"comment_status":"closed","ping_status":"closed","template":"","meta":{"footnotes":""},"class_list":["post-415","page","type-page","status-publish","hentry"],"_links":{"self":[{"href":"https:\/\/xxyapparel.com\/fr\/wp-json\/wp\/v2\/pages\/415","targetHints":{"allow":["GET"]}}],"collection":[{"href":"https:\/\/xxyapparel.com\/fr\/wp-json\/wp\/v2\/pages"}],"about":[{"href":"https:\/\/xxyapparel.com\/fr\/wp-json\/wp\/v2\/types\/page"}],"author":[{"embeddable":true,"href":"https:\/\/xxyapparel.com\/fr\/wp-json\/wp\/v2\/users\/1"}],"replies":[{"embeddable":true,"href":"https:\/\/xxyapparel.com\/fr\/wp-json\/wp\/v2\/comments?post=415"}],"version-history":[{"count":0,"href":"https:\/\/xxyapparel.com\/fr\/wp-json\/wp\/v2\/pages\/415\/revisions"}],"wp:attachment":[{"href":"https:\/\/xxyapparel.com\/fr\/wp-json\/wp\/v2\/media?parent=415"}],"curies":[{"name":"wp","href":"https:\/\/api.w.org\/{rel}","templated":true}]}}